{"id":4534,"date":"2024-02-09T07:18:19","date_gmt":"2024-02-09T07:18:19","guid":{"rendered":"https:\/\/vapo.nl\/leverancier-apollo-valves\/"},"modified":"2025-01-27T14:48:11","modified_gmt":"2025-01-27T14:48:11","slug":"lieferant-apollo-valves","status":"publish","type":"page","link":"https:\/\/vapo.nl\/de\/lieferant-apollo-valves\/","title":{"rendered":"Lieferant: Apollo Valves"},"content":{"rendered":"\n<header class=\"header-leverancier\" >\n\t<div class=\"container mx-auto px-[21px] lg:px-0\">\n\t\t<div class=\"flex flex-col justify-between items-start\">\n\t\t\t<div class=\"content-block\">\n\t\t\t\t<h1 class=\"title\">Apollo Valves<\/h1>\n\t\t\t\t\t\t\t\t\t<p><p>&nbsp;<\/p>\n<p><a href=\"https:\/\/vapo.nl\/wp-content\/uploads\/2024\/02\/Apollo.svg\"><img loading=\"lazy\" decoding=\"async\" class=\"alignnone size-medium wp-image-2446\" src=\"https:\/\/vapo.nl\/wp-content\/uploads\/2024\/02\/Apollo.svg\" alt=\"\" width=\"300\" height=\"147\" \/><\/a><\/p>\n<p>Vapo ist seit vielen Jahren Agent des amerikanischen Unternehmens Apollo Valves von Aalberts Integrated Piping Systems.<\/p>\n<p>Das Lieferprogramm umfasst unter anderem: Kugelh\u00e4hne, Absperrklappen, R\u00fcckschlagventile, Sicherheitsvorrichtungen, R\u00fcckstromsicherungen und viele weitere Armaturen.<\/p>\n<p>Wenn Sie Bedarf haben, kontaktieren Sie uns bitte, indem Sie ein Angebot anfordern.<\/p>\n<p>&nbsp;<\/p>\n<\/p>\n\t\t\t\t\t\t\t\t\t\t\t\t\t<a href=\"kontakt\/\" class=\"cta-btn\">\n\t\t\t\t\t\tKontakt\t\t\t\t\t<\/a>\n\t\t\t\t\t\t\t<\/div>\n\t\t<\/div>\n\t<\/div>\n\t<div class=\"img-area absolute inset-0 z-[-1]\">\n\t\t\t\t\t\t\t\t\t<img loading=\"lazy\" decoding=\"async\" src=\"https:\/\/vapo.nl\/wp-content\/uploads\/2024\/02\/bg-leverancier-1.jpg\" alt=\"\" title=\"bg-leverancier\" width=\"1922\" height=\"614\" class=\"aligncenter size-full wp-image-1253 w-full h-full object-cover hidden lg:block\" srcset=\"https:\/\/vapo.nl\/wp-content\/uploads\/2024\/02\/bg-leverancier-1.jpg 1922w, https:\/\/vapo.nl\/wp-content\/uploads\/2024\/02\/bg-leverancier-1-300x96.jpg 300w, https:\/\/vapo.nl\/wp-content\/uploads\/2024\/02\/bg-leverancier-1-1024x327.jpg 1024w, https:\/\/vapo.nl\/wp-content\/uploads\/2024\/02\/bg-leverancier-1-768x245.jpg 768w, https:\/\/vapo.nl\/wp-content\/uploads\/2024\/02\/bg-leverancier-1-1536x491.jpg 1536w\" sizes=\"auto, (max-width: 1922px) 100vw, 1922px\" \/>\t\t\t\t\t\t\t\t\t\t<img loading=\"lazy\" decoding=\"async\" src=\"https:\/\/vapo.nl\/wp-content\/uploads\/2024\/02\/bg-leverancier-mobile.jpg\" alt=\"\" title=\"bg-leverancier-mobile\" width=\"390\" height=\"503\" class=\"aligncenter size-full wp-image-1249 w-full h-full object-cover block lg:hidden\" srcset=\"https:\/\/vapo.nl\/wp-content\/uploads\/2024\/02\/bg-leverancier-mobile.jpg 390w, https:\/\/vapo.nl\/wp-content\/uploads\/2024\/02\/bg-leverancier-mobile-233x300.jpg 233w\" sizes=\"auto, (max-width: 390px) 100vw, 390px\" \/>\t\t\t<\/div>\n<\/header>\n\n\n<section class=\"product-selection my-12  hidden\">\n    <div class=\"container mx-auto lg:px-0 px-4\">\n        <h2 class=\"title\">Uitgelichte producten<\/h2>\n        <div class=\"flex flex-col mt-4 lg:flex-row justify-between gap-3\">\n            \n                \n                    <\/div>\n    <\/div>\n<\/section>\n\n\n<section class=\"cta-logo pt-6 pb-2 lg:py-16 3xl:py-[5rem] with-gradient\" >\n  <div class=\"container mx-auto px-[21px] lg:px-0\">\n    <h2 class=\"title\">Unseren Lieferanten<\/h2>\n        <div class=\"logo-area flex flex-row\"> \n                        <div class=\"thelogo\">\n                          <a href=\"\/de\/lieferant-4g-ghidini\/\">\n                <img decoding=\"async\" src=\"https:\/\/vapo.nl\/wp-content\/uploads\/2024\/02\/Logo-4G-e.svg\" alt=\"\" title=\"Logo-4G-e\" class=\"aligncenter size-full wp-image-1674 \" \/>              <\/a>\n                      <\/div>\n                  <div class=\"thelogo\">\n                          <a href=\"\/de\/lieferant\/apollo-valves\/\">\n                <img decoding=\"async\" src=\"https:\/\/vapo.nl\/wp-content\/uploads\/2024\/02\/Logo-Apollo-e.svg\" alt=\"\" title=\"Logo-Apollo-e\" class=\"aligncenter size-full wp-image-1678 \" \/>              <\/a>\n                      <\/div>\n                  <div class=\"thelogo\">\n                          <a href=\"\/de\/lieferant\/bar-pneumatische-steuerungssysteme-gmbh\/\">\n                <img decoding=\"async\" src=\"https:\/\/vapo.nl\/wp-content\/uploads\/2024\/02\/Logo-Bar-e.svg\" alt=\"\" title=\"Logo-Bar-e\" class=\"aligncenter size-full wp-image-1682 \" \/>              <\/a>\n                      <\/div>\n                  <div class=\"thelogo\">\n                          <a href=\"\/de\/lieferant-crotti-fortunato-sns\/\">\n                <img decoding=\"async\" src=\"https:\/\/vapo.nl\/wp-content\/uploads\/2024\/02\/Logo-Crotti-e.svg\" alt=\"\" title=\"Logo-Crotti-e\" class=\"aligncenter size-full wp-image-1713 \" \/>              <\/a>\n                      <\/div>\n                  <div class=\"thelogo\">\n                          <a href=\"\/de\/lieferant-ghibson-valves\/\">\n                <img decoding=\"async\" src=\"https:\/\/vapo.nl\/wp-content\/uploads\/2024\/02\/Logo-Ghibson-e.svg\" alt=\"\" title=\"Logo-Ghibson-e\" class=\"aligncenter size-full wp-image-1705 \" \/>              <\/a>\n                      <\/div>\n                  <div class=\"thelogo\">\n                          <a href=\"\/de\/lieferant-herbe-valves\">\n                <img decoding=\"async\" src=\"https:\/\/vapo.nl\/wp-content\/uploads\/2024\/02\/Logo-Herbe-e.svg\" alt=\"\" title=\"Logo-Herbe-e\" class=\"aligncenter size-full wp-image-1709 \" \/>              <\/a>\n                      <\/div>\n                  <div class=\"thelogo\">\n                          <a href=\"#\">\n                <img decoding=\"async\" src=\"https:\/\/vapo.nl\/wp-content\/uploads\/2024\/02\/Logo-IFM-e.svg\" alt=\"\" title=\"Logo-IFM-e\" class=\"aligncenter size-full wp-image-1717 \" \/>              <\/a>\n                      <\/div>\n                  <div class=\"thelogo\">\n                          <a href=\"#\">\n                <img decoding=\"async\" src=\"https:\/\/vapo.nl\/wp-content\/uploads\/2024\/02\/Logo-PepperlFuchs-e.svg\" alt=\"\" title=\"Logo-Pepperl+Fuchs-e\" class=\"aligncenter size-full wp-image-1721 \" \/>              <\/a>\n                      <\/div>\n                  <div class=\"thelogo\">\n                          <a href=\"\/de\/lieferant-ps-automation\/\">\n                <img decoding=\"async\" src=\"https:\/\/vapo.nl\/wp-content\/uploads\/2024\/02\/Logo-PS-Automation-e.svg\" alt=\"\" title=\"Logo-PS-Automation-e\" class=\"aligncenter size-full wp-image-1725 \" \/>              <\/a>\n                      <\/div>\n                  <div class=\"thelogo\">\n                          <a href=\"\/de\/lieferant\/sirca-international-s-p-a\/\">\n                <img decoding=\"async\" src=\"https:\/\/vapo.nl\/wp-content\/uploads\/2024\/02\/Logo-Sirca-e.svg\" alt=\"\" title=\"Logo-Sirca-e\" class=\"aligncenter size-full wp-image-1729 \" \/>              <\/a>\n                      <\/div>\n                  <div class=\"thelogo\">\n                          <a href=\"\/de\/lieferant-socla\/\">\n                <img decoding=\"async\" src=\"https:\/\/vapo.nl\/wp-content\/uploads\/2024\/02\/Logo-Socla-e.svg\" alt=\"\" title=\"Logo-Socla-e\" class=\"aligncenter size-full wp-image-1733 \" \/>              <\/a>\n                      <\/div>\n                  <div class=\"thelogo\">\n                          <a href=\"\/de\/lieferant-rotork-instruments-soldo\/\">\n                <img decoding=\"async\" src=\"https:\/\/vapo.nl\/wp-content\/uploads\/2024\/02\/Logo-Soldo-e.svg\" alt=\"\" title=\"Logo-Soldo-e\" class=\"aligncenter size-full wp-image-1689 \" \/>              <\/a>\n                      <\/div>\n                  <div class=\"thelogo\">\n                          <a href=\"\/de\/lieferant-valpes\">\n                <img decoding=\"async\" src=\"https:\/\/vapo.nl\/wp-content\/uploads\/2024\/02\/Logo-Valpes-e.svg\" alt=\"\" title=\"Logo-Valpes-e\" class=\"aligncenter size-full wp-image-1693 \" \/>              <\/a>\n                      <\/div>\n                  <div class=\"thelogo\">\n                          <a href=\"\/de\/lieferant-valvole-hofmann-by-bonino-engineering\/\">\n                <img decoding=\"async\" src=\"https:\/\/vapo.nl\/wp-content\/uploads\/2024\/02\/Logo-Valvole-e.svg\" alt=\"\" title=\"Logo-Valvole-e\" class=\"aligncenter size-full wp-image-1697 \" \/>              <\/a>\n                      <\/div>\n                  <div class=\"thelogo\">\n                          <a href=\"\/de\/lieferant\/vtb-valves\/\">\n                <img decoding=\"async\" src=\"https:\/\/vapo.nl\/wp-content\/uploads\/2024\/02\/Logo-VTB-e.svg\" alt=\"\" title=\"Logo-VTB-e\" class=\"aligncenter size-full wp-image-1701 \" \/>              <\/a>\n                      <\/div>\n                  <div class=\"thelogo\">\n                          <a href=\"\/de\/lieferant-ross-pneumatrol\">\n                <img loading=\"lazy\" decoding=\"async\" src=\"https:\/\/vapo.nl\/wp-content\/uploads\/2024\/08\/Ross-Pneumatrol-wit.svg\" alt=\"\" title=\"Ross-Pneumatrol-wit\" width=\"75\" height=\"25\" class=\"aligncenter size-full wp-image-5787 \" \/>              <\/a>\n                      <\/div>\n                  <\/div>\n      <\/div>\n<\/section>\n\n  <div class=\"separator block lg:hidden\" style=\"height: 64px;\">&nbsp;<\/div>\n\n\n<!--CONTACT FORM-->\n<section class=\"contact-form home-style \" id=\"contact\">\n\t<div class=\"container px-[20px] lg:px-0 mx-auto\">\n\t\t<div class=\"contact-row\">\n\t\t\t<div class=\"form-wrapper\">\n\t\t\t\t\t\t\t\t\t<h2 class=\"title\">Kontakt<\/h2>\n\t\t\t\t\n\t\t\t\t\n\t\t\t\t\t\t\t\t\t\t\t\t\t\t\t\t\t\t\t\t<div class=\"media mmobile\">\n\t\t\t\t\t\t\t<img loading=\"lazy\" decoding=\"async\" src=\"https:\/\/vapo.nl\/wp-content\/uploads\/2024\/02\/hc-desktop.png\" alt=\"\" title=\"hc-desktop\" width=\"690\" height=\"570\" class=\"aligncenter size-full wp-image-1133 block\" srcset=\"https:\/\/vapo.nl\/wp-content\/uploads\/2024\/02\/hc-desktop.png 690w, https:\/\/vapo.nl\/wp-content\/uploads\/2024\/02\/hc-desktop-300x248.png 300w\" sizes=\"auto, (max-width: 690px) 100vw, 690px\" \/>\t\t\t\t\t\t<\/div>\n\t\t\t\t\t\t\t\t\t\t\t\t\t\t\n\t\t\t\t\n\t\t\t\t<div class=\"frm_forms  with_frm_style frm_style_formidable-style\" id=\"frm_form_8_container\" data-token=\"81c811d6d05b0308c4cbf3a2db2fcacd\">\n<form enctype=\"multipart\/form-data\" method=\"post\" class=\"frm-show-form  frm_pro_form \" id=\"form_contact-form232\" data-token=\"81c811d6d05b0308c4cbf3a2db2fcacd\">\n<div class=\"frm_form_fields \">\n<fieldset>\n<legend class=\"frm_screen_reader\">Contact us DE<\/legend>\r\n\r\n<div class=\"frm_fields_container\">\n<input type=\"hidden\" name=\"frm_action\" value=\"create\" \/>\n<input type=\"hidden\" name=\"form_id\" value=\"8\" \/>\n<input type=\"hidden\" name=\"frm_hide_fields_8\" id=\"frm_hide_fields_8\" value=\"\" \/>\n<input type=\"hidden\" name=\"form_key\" value=\"contact-form232\" \/>\n<input type=\"hidden\" name=\"item_meta[0]\" value=\"\" \/>\n<input type=\"hidden\" id=\"frm_submit_entry_8\" name=\"frm_submit_entry_8\" value=\"3346a0c98a\" \/><input type=\"hidden\" name=\"_wp_http_referer\" value=\"\/de\/wp-json\/wp\/v2\/pages\/4534\" \/><div id=\"frm_field_51_container\" class=\"frm_form_field form-field  frm_required_field frm_top_container frm12 frm6 frm_first\">\r\n    <label for=\"field_4fa8832\" id=\"field_4fa8832_label\" class=\"frm_primary_label\">Vollst\u00e4ndiger Name\r\n        <span class=\"frm_required\" aria-hidden=\"true\">*<\/span>\r\n    <\/label>\r\n    <input  type=\"text\" id=\"field_4fa8832\" name=\"item_meta[51]\" value=\"\"  placeholder=\"Vor- und Nachname\" data-reqmsg=\"Vollst\u00e4ndiger Name cannot be blank.\" aria-required=\"true\" data-invmsg=\"Text is invalid\" aria-invalid=\"false\"   \/>\r\n    \r\n    \r\n<\/div>\n<div id=\"frm_field_52_container\" class=\"frm_form_field form-field  frm_required_field frm_top_container frm_alignright frm12 frm6\">\r\n    <label for=\"field_lensw32\" id=\"field_lensw32_label\" class=\"frm_primary_label\">Ihre E-mail Adresse\r\n        <span class=\"frm_required\" aria-hidden=\"true\">*<\/span>\r\n    <\/label>\r\n    <input type=\"email\" id=\"field_lensw32\" name=\"item_meta[52]\" value=\"\"  placeholder=\"name@email.com\" data-reqmsg=\"Dit veld mag niet leeg zijn.\" aria-required=\"true\" data-invmsg=\"Gelieve een geldig e-mailadres in te geven\" aria-invalid=\"false\"  \/>\r\n    \r\n    \r\n<\/div>\n<div id=\"frm_field_53_container\" class=\"frm_form_field form-field  frm_top_container frm12 frm6 frm_first\">\r\n    <label for=\"field_slrkw32\" id=\"field_slrkw32_label\" class=\"frm_primary_label\">Unternehmen\r\n        <span class=\"frm_required\" aria-hidden=\"true\"><\/span>\r\n    <\/label>\r\n    <input  type=\"text\" id=\"field_slrkw32\" name=\"item_meta[53]\" value=\"\"  placeholder=\"Company Name\" data-invmsg=\"Text is invalid\" aria-invalid=\"false\"   \/>\r\n    \r\n    \r\n<\/div>\n<div id=\"frm_field_54_container\" class=\"frm_form_field form-field  frm_required_field frm_top_container frm_alignright frm12 frm6\">\r\n    <label for=\"field_1nl9932\" id=\"field_1nl9932_label\" class=\"frm_primary_label\">Ihre Telefonnummer\r\n        <span class=\"frm_required\" aria-hidden=\"true\">*<\/span>\r\n    <\/label>\r\n    <input type=\"tel\" id=\"field_1nl9932\" name=\"item_meta[54]\" value=\"\"  placeholder=\"+49123456789\" data-reqmsg=\"Ihre Telefonnummer cannot be blank.\" aria-required=\"true\" data-invmsg=\"Phone is invalid\" aria-invalid=\"false\" pattern=\"((\\+\\d{1,3}(-|.| )?\\(?\\d\\)?(-| |.)?\\d{1,5})|(\\(?\\d{2,6}\\)?))(-|.| )?(\\d{3,4})(-|.| )?(\\d{4})(( x| ext)\\d{1,5}){0,1}$\"  \/>\r\n    \r\n    \r\n<\/div>\n<div id=\"frm_field_55_container\" class=\"frm_form_field form-field  frm_top_container frm12\">\r\n    <label for=\"field_6nbhs32\" id=\"field_6nbhs32_label\" class=\"frm_primary_label\">Nachricht\r\n        <span class=\"frm_required\" aria-hidden=\"true\"><\/span>\r\n    <\/label>\r\n    <input  type=\"text\" id=\"field_6nbhs32\" name=\"item_meta[55]\" value=\"\"  placeholder=\"Ihren Nachricht\" data-invmsg=\"Text is invalid\" aria-invalid=\"false\"   \/>\r\n    \r\n    \r\n<\/div>\n<div id=\"frm_field_85_container\" class=\"frm_form_field form-field  frm_none_container\">\r\n\t<label for=\"g-recaptcha-response\" id=\"field_p8jjv_label\" class=\"frm_primary_label\">Captcha\r\n\t\t<span class=\"frm_required\" aria-hidden=\"true\"><\/span>\r\n\t<\/label>\r\n\t<div  id=\"field_p8jjv\" class=\"frm-g-recaptcha\" data-sitekey=\"6LfA_wgrAAAAAC4PJUYot0H2tXpylfxAVkeoqWdo\" data-size=\"invisible\" data-theme=\"light\"><\/div>\r\n\t\r\n\t\r\n<\/div>\n<div id=\"frm_field_79_container\" class=\"frm_form_field form-field \">\r\n\t<div class=\"frm_submit\">\r\n\r\n<button class=\"frm_button_submit frm_final_submit\" type=\"submit\"   formnovalidate=\"formnovalidate\">Send<\/button>\r\n\r\n\r\n<\/div>\r\n<\/div>\n\t<input type=\"hidden\" name=\"item_key\" value=\"\" \/>\n\t\t\t<div id=\"frm_field_106_container\">\n\t\t\t<label for=\"field_h5mcj\" >\n\t\t\t\tFalls Du menschlich bist, lasse dieses Feld leer.\t\t\t<\/label>\n\t\t\t<input  id=\"field_h5mcj\" type=\"text\" class=\"frm_form_field form-field frm_verify\" name=\"item_meta[106]\" value=\"\"  \/>\n\t\t<\/div>\n\t\t<input name=\"frm_state\" type=\"hidden\" value=\"XS3Y7VIXikZwTDMkJJJO9IBmLVEH59BSrc5X4GA7SHUyh7x5gTL77odifEBR2sbk\" \/><\/div>\n<\/fieldset>\n<\/div>\n\n<p style=\"display: none !important;\" class=\"akismet-fields-container\" data-prefix=\"ak_\"><label>&#916;<textarea name=\"ak_hp_textarea\" cols=\"45\" rows=\"8\" maxlength=\"100\"><\/textarea><\/label><input type=\"hidden\" id=\"ak_js_1\" name=\"ak_js\" value=\"173\"\/><script>document.getElementById( \"ak_js_1\" ).setAttribute( \"value\", ( new Date() ).getTime() );<\/script><\/p><\/form>\n<\/div>\n\n\t\t\t\t\t\t\t\t\t<div class=\"social-info\">\n\t\t\t\t\t\t<p class=\"label\">Volg ons<\/p>\n\t\t\t\t\t\t\t\t\t\t\t\t\t<ul class=\"social-list list-none\">\n\t\t\t\t\t\t\t\t\t\t\t\t\t\t\t\t\t<li class=\"social-item\">\n\t\t\t\t\t\t\t\t\t\t<a href=\"https:\/\/linkedin.com\" class=\"social-link inline-block\" target=\"_blank\">\n\t\t\t\t\t\t\t\t\t\t\t<img loading=\"lazy\" decoding=\"async\" src=\"https:\/\/vapo.nl\/wp-content\/uploads\/2024\/02\/vp-linkedin.png\" alt=\"\" title=\"vp-linkedin\" width=\"40\" height=\"40\" class=\"aligncenter size-full wp-image-1123 social-icon\" \/>\t\t\t\t\t\t\t\t\t\t<\/a>\n\t\t\t\t\t\t\t\t\t<\/li>\n\t\t\t\t\t\t\t\t\t\t\t\t\t\t\t\t\t<li class=\"social-item\">\n\t\t\t\t\t\t\t\t\t\t<a href=\"https:\/\/www.instagram.com\/\" class=\"social-link inline-block\" target=\"_blank\">\n\t\t\t\t\t\t\t\t\t\t\t<img loading=\"lazy\" decoding=\"async\" src=\"https:\/\/vapo.nl\/wp-content\/uploads\/2024\/02\/vp-ig.png\" alt=\"\" title=\"vp-ig\" width=\"40\" height=\"40\" class=\"aligncenter size-full wp-image-1119 social-icon\" \/>\t\t\t\t\t\t\t\t\t\t<\/a>\n\t\t\t\t\t\t\t\t\t<\/li>\n\t\t\t\t\t\t\t\t\t\t\t\t\t\t\t<\/ul>\n\t\t\t\t\t\t\t\t\t\t\t<\/div>\n\t\t\t\t\t\t\t<\/div>\n\t\t\t<div class=\"media relative\">\n\t\t\t\t\t\t\t\t\t<img loading=\"lazy\" decoding=\"async\" src=\"https:\/\/vapo.nl\/wp-content\/uploads\/2024\/02\/hc-desktop.png\" alt=\"\" title=\"hc-desktop\" width=\"690\" height=\"570\" class=\"aligncenter size-full wp-image-1133 block block\" srcset=\"https:\/\/vapo.nl\/wp-content\/uploads\/2024\/02\/hc-desktop.png 690w, https:\/\/vapo.nl\/wp-content\/uploads\/2024\/02\/hc-desktop-300x248.png 300w\" sizes=\"auto, (max-width: 690px) 100vw, 690px\" \/>\t\t\t\t\t\t\t\t\t\t\t<\/div>\n\t\t<\/div>\n\t<\/div>\n<\/section>\n<!--CONTACT FORM-->\n","protected":false},"excerpt":{"rendered":"","protected":false},"author":1,"featured_media":0,"parent":0,"menu_order":0,"comment_status":"closed","ping_status":"closed","template":"","meta":{"_acf_changed":false,"inline_featured_image":false,"footnotes":""},"class_list":["post-4534","page","type-page","status-publish","hentry"],"acf":[],"yoast_head":"<!-- This site is optimized with the Yoast SEO plugin v27.2 - https:\/\/yoast.com\/product\/yoast-seo-wordpress\/ -->\n<title>Lieferant: Apollo Valves - Vapo Techniek<\/title>\n<meta name=\"robots\" content=\"index, follow, max-snippet:-1, max-image-preview:large, max-video-preview:-1\" \/>\n<link rel=\"canonical\" href=\"https:\/\/vapo.nl\/de\/lieferant-apollo-valves\/\" \/>\n<meta property=\"og:locale\" content=\"de_DE\" \/>\n<meta property=\"og:type\" content=\"article\" \/>\n<meta property=\"og:title\" content=\"Lieferant: Apollo Valves - Vapo Techniek\" \/>\n<meta property=\"og:url\" content=\"https:\/\/vapo.nl\/de\/lieferant-apollo-valves\/\" \/>\n<meta property=\"og:site_name\" content=\"Vapo Techniek\" \/>\n<meta property=\"article:modified_time\" content=\"2025-01-27T14:48:11+00:00\" \/>\n<meta name=\"twitter:card\" content=\"summary_large_image\" \/>\n<script type=\"application\/ld+json\" class=\"yoast-schema-graph\">{\"@context\":\"https:\/\/schema.org\",\"@graph\":[{\"@type\":\"WebPage\",\"@id\":\"https:\/\/vapo.nl\/de\/lieferant-apollo-valves\/\",\"url\":\"https:\/\/vapo.nl\/de\/lieferant-apollo-valves\/\",\"name\":\"Lieferant: Apollo Valves - Vapo Techniek\",\"isPartOf\":{\"@id\":\"https:\/\/vapo.nl\/de\/#website\"},\"datePublished\":\"2024-02-09T07:18:19+00:00\",\"dateModified\":\"2025-01-27T14:48:11+00:00\",\"breadcrumb\":{\"@id\":\"https:\/\/vapo.nl\/de\/lieferant-apollo-valves\/#breadcrumb\"},\"inLanguage\":\"de\",\"potentialAction\":[{\"@type\":\"ReadAction\",\"target\":[\"https:\/\/vapo.nl\/de\/lieferant-apollo-valves\/\"]}]},{\"@type\":\"BreadcrumbList\",\"@id\":\"https:\/\/vapo.nl\/de\/lieferant-apollo-valves\/#breadcrumb\",\"itemListElement\":[{\"@type\":\"ListItem\",\"position\":1,\"name\":\"Home\",\"item\":\"https:\/\/vapo.nl\/de\/\"},{\"@type\":\"ListItem\",\"position\":2,\"name\":\"Lieferant: Apollo Valves\"}]},{\"@type\":\"WebSite\",\"@id\":\"https:\/\/vapo.nl\/de\/#website\",\"url\":\"https:\/\/vapo.nl\/de\/\",\"name\":\"Vapo Techniek\",\"description\":\"Just another WordPress site\",\"potentialAction\":[{\"@type\":\"SearchAction\",\"target\":{\"@type\":\"EntryPoint\",\"urlTemplate\":\"https:\/\/vapo.nl\/de\/?s={search_term_string}\"},\"query-input\":{\"@type\":\"PropertyValueSpecification\",\"valueRequired\":true,\"valueName\":\"search_term_string\"}}],\"inLanguage\":\"de\"}]}<\/script>\n<!-- \/ Yoast SEO plugin. -->","yoast_head_json":{"title":"Lieferant: Apollo Valves - Vapo Techniek","robots":{"index":"index","follow":"follow","max-snippet":"max-snippet:-1","max-image-preview":"max-image-preview:large","max-video-preview":"max-video-preview:-1"},"canonical":"https:\/\/vapo.nl\/de\/lieferant-apollo-valves\/","og_locale":"de_DE","og_type":"article","og_title":"Lieferant: Apollo Valves - Vapo Techniek","og_url":"https:\/\/vapo.nl\/de\/lieferant-apollo-valves\/","og_site_name":"Vapo Techniek","article_modified_time":"2025-01-27T14:48:11+00:00","twitter_card":"summary_large_image","schema":{"@context":"https:\/\/schema.org","@graph":[{"@type":"WebPage","@id":"https:\/\/vapo.nl\/de\/lieferant-apollo-valves\/","url":"https:\/\/vapo.nl\/de\/lieferant-apollo-valves\/","name":"Lieferant: Apollo Valves - Vapo Techniek","isPartOf":{"@id":"https:\/\/vapo.nl\/de\/#website"},"datePublished":"2024-02-09T07:18:19+00:00","dateModified":"2025-01-27T14:48:11+00:00","breadcrumb":{"@id":"https:\/\/vapo.nl\/de\/lieferant-apollo-valves\/#breadcrumb"},"inLanguage":"de","potentialAction":[{"@type":"ReadAction","target":["https:\/\/vapo.nl\/de\/lieferant-apollo-valves\/"]}]},{"@type":"BreadcrumbList","@id":"https:\/\/vapo.nl\/de\/lieferant-apollo-valves\/#breadcrumb","itemListElement":[{"@type":"ListItem","position":1,"name":"Home","item":"https:\/\/vapo.nl\/de\/"},{"@type":"ListItem","position":2,"name":"Lieferant: Apollo Valves"}]},{"@type":"WebSite","@id":"https:\/\/vapo.nl\/de\/#website","url":"https:\/\/vapo.nl\/de\/","name":"Vapo Techniek","description":"Just another WordPress site","potentialAction":[{"@type":"SearchAction","target":{"@type":"EntryPoint","urlTemplate":"https:\/\/vapo.nl\/de\/?s={search_term_string}"},"query-input":{"@type":"PropertyValueSpecification","valueRequired":true,"valueName":"search_term_string"}}],"inLanguage":"de"}]}},"_links":{"self":[{"href":"https:\/\/vapo.nl\/de\/wp-json\/wp\/v2\/pages\/4534","targetHints":{"allow":["GET"]}}],"collection":[{"href":"https:\/\/vapo.nl\/de\/wp-json\/wp\/v2\/pages"}],"about":[{"href":"https:\/\/vapo.nl\/de\/wp-json\/wp\/v2\/types\/page"}],"author":[{"embeddable":true,"href":"https:\/\/vapo.nl\/de\/wp-json\/wp\/v2\/users\/1"}],"replies":[{"embeddable":true,"href":"https:\/\/vapo.nl\/de\/wp-json\/wp\/v2\/comments?post=4534"}],"version-history":[{"count":14,"href":"https:\/\/vapo.nl\/de\/wp-json\/wp\/v2\/pages\/4534\/revisions"}],"predecessor-version":[{"id":6282,"href":"https:\/\/vapo.nl\/de\/wp-json\/wp\/v2\/pages\/4534\/revisions\/6282"}],"wp:attachment":[{"href":"https:\/\/vapo.nl\/de\/wp-json\/wp\/v2\/media?parent=4534"}],"curies":[{"name":"wp","href":"https:\/\/api.w.org\/{rel}","templated":true}]}}