{"id":7221,"date":"2025-04-22T10:06:51","date_gmt":"2025-04-22T10:06:51","guid":{"rendered":"https:\/\/vapo.nl\/?page_id=7221"},"modified":"2025-04-22T10:06:52","modified_gmt":"2025-04-22T10:06:52","slug":"produktinformation-valpes-elektrische-antriebe","status":"publish","type":"page","link":"https:\/\/vapo.nl\/de\/produktinformation-valpes-elektrische-antriebe\/","title":{"rendered":"Produktinformation Valpes Elektrische Antriebe"},"content":{"rendered":"<!--HEADER CONTACT-->\n<header class=\"header-product-concept relative h-[132px] w-full\" style=\"background-image: url(https:\/\/vapo.nl\/wp-content\/uploads\/2024\/01\/Rectangle-3774.jpg);\">\n    <nav class=\"download-breadcrumb-container container px-[20px] lg:px-0 mx-auto\">\n        <ul class=\"breadcrumb\">\n                        <li class=\"inline\"><a href=\"#\">Produktinformation Valpes Elektrische Antriebe<\/a><\/li>\n                        <!-- <li><a href=\"\">Produktinformation Valpes Elektrische Antriebe<\/a><\/li> -->\n        <\/ul>\n    <\/nav>\n<\/header>\n<!--HEADER CONTACT-->\n\n<div class=\"download-search container px-[20px] lg:px-0 mt-[25px] mb-[25px] mx-auto lg:mb-[40px] lg:mt-[73px]\">\n    <form class=\"w-full\">\n        <div class=\"flex flex-col items-center md:w-8\/12\">\n            <div class=\"w-full md:mb-0\">\n                <label class=\"font-semibold text-[24px] lg:text-[56px] leading-[32px] mb-2 \">\n                    Valpes Elektrische Antriebe                <\/label>\n            <\/div>\n\n            <div class=\"w-full mt-[24px] md:mb-0 leading-[24px] text-[16px] lg:text-[24px] lg:leading-[32px] md:text-[16px]\">\n                <p>Hier finden Sie eine \u00dcbersicht der Dokumentation zu VTB Valves Kugelh\u00e4hnen zum Download. Deutsch (DE), Englisch (EN) und Niederl\u00e4ndisch (NL). Klicken Sie auf den Download-Button. Sollten Sie nicht finden, was Sie ben\u00f6tigen, <a href=\"https:\/\/vapo.nl\/de\/kontakt\/\">kontaktieren Sie uns bitt<\/a>e.<\/p>\n            <\/div>\n        <\/div>\n    <\/form>\n<\/div>\n\n\n\r\n<div class=\"container px-5 lg:px-0 mt-10 mx-auto pb-[120px]\">\r\n    <div class=\"grid grid-cols-1 lg:grid-cols-2 gap-4 w-full\">\r\n                    \t\t\t\t                                            <a href=\"https:\/\/vapo.nl\/wp-content\/uploads\/2025\/04\/Valpes-Electrische-aandrijvingen-2-24-NL.pdf\" target=\"_self\">\r\n                            <div class=\"card-product-concept flex justify-between items-center\">\r\n                                <span>Valpes Elektrische aandrijvingen NL<\/span>\r\n                                <i class=\"fas fa-angle-right\"><\/i>\r\n                            <\/div>\r\n                        <\/a>\r\n                                                                                <a href=\"https:\/\/vapo.nl\/wp-content\/uploads\/2025\/04\/Valpes-Electric-actuators-2-24-EN.pdf\" target=\"_self\">\r\n                            <div class=\"card-product-concept flex justify-between items-center\">\r\n                                <span>Valpes Electric actuators EN<\/span>\r\n                                <i class=\"fas fa-angle-right\"><\/i>\r\n                            <\/div>\r\n                        <\/a>\r\n                                                                                <a href=\"https:\/\/vapo.nl\/wp-content\/uploads\/2025\/04\/Elektrische-Antrieben-Valpes-2-24-DE.pdf\" target=\"_self\">\r\n                            <div class=\"card-product-concept flex justify-between items-center\">\r\n                                <span>Valpes Elektrische Antriebe DE<\/span>\r\n                                <i class=\"fas fa-angle-right\"><\/i>\r\n                            <\/div>\r\n                        <\/a>\r\n                                                            <\/div>\r\n<\/div>\n\n\n<p><\/p>\n","protected":false},"excerpt":{"rendered":"","protected":false},"author":6,"featured_media":0,"parent":0,"menu_order":0,"comment_status":"closed","ping_status":"closed","template":"","meta":{"_acf_changed":false,"inline_featured_image":false,"footnotes":""},"class_list":["post-7221","page","type-page","status-publish","hentry"],"acf":[],"yoast_head":"<!-- This site is optimized with the Yoast SEO plugin v27.2 - https:\/\/yoast.com\/product\/yoast-seo-wordpress\/ -->\n<title>Produktinformation Valpes Elektrische Antriebe - Vapo Techniek<\/title>\n<meta name=\"robots\" content=\"index, follow, max-snippet:-1, max-image-preview:large, max-video-preview:-1\" \/>\n<link rel=\"canonical\" href=\"https:\/\/vapo.nl\/de\/produktinformation-valpes-elektrische-antriebe\/\" \/>\n<meta property=\"og:locale\" content=\"de_DE\" \/>\n<meta property=\"og:type\" content=\"article\" \/>\n<meta property=\"og:title\" content=\"Produktinformation Valpes Elektrische Antriebe - Vapo Techniek\" \/>\n<meta property=\"og:url\" content=\"https:\/\/vapo.nl\/de\/produktinformation-valpes-elektrische-antriebe\/\" \/>\n<meta property=\"og:site_name\" content=\"Vapo Techniek\" \/>\n<meta property=\"article:modified_time\" content=\"2025-04-22T10:06:52+00:00\" \/>\n<meta name=\"twitter:card\" content=\"summary_large_image\" \/>\n<script type=\"application\/ld+json\" class=\"yoast-schema-graph\">{\"@context\":\"https:\/\/schema.org\",\"@graph\":[{\"@type\":\"WebPage\",\"@id\":\"https:\/\/vapo.nl\/de\/produktinformation-valpes-elektrische-antriebe\/\",\"url\":\"https:\/\/vapo.nl\/de\/produktinformation-valpes-elektrische-antriebe\/\",\"name\":\"Produktinformation Valpes Elektrische Antriebe - Vapo Techniek\",\"isPartOf\":{\"@id\":\"https:\/\/vapo.nl\/de\/#website\"},\"datePublished\":\"2025-04-22T10:06:51+00:00\",\"dateModified\":\"2025-04-22T10:06:52+00:00\",\"breadcrumb\":{\"@id\":\"https:\/\/vapo.nl\/de\/produktinformation-valpes-elektrische-antriebe\/#breadcrumb\"},\"inLanguage\":\"de\",\"potentialAction\":[{\"@type\":\"ReadAction\",\"target\":[\"https:\/\/vapo.nl\/de\/produktinformation-valpes-elektrische-antriebe\/\"]}]},{\"@type\":\"BreadcrumbList\",\"@id\":\"https:\/\/vapo.nl\/de\/produktinformation-valpes-elektrische-antriebe\/#breadcrumb\",\"itemListElement\":[{\"@type\":\"ListItem\",\"position\":1,\"name\":\"Home\",\"item\":\"https:\/\/vapo.nl\/de\/\"},{\"@type\":\"ListItem\",\"position\":2,\"name\":\"Produktinformation Valpes Elektrische Antriebe\"}]},{\"@type\":\"WebSite\",\"@id\":\"https:\/\/vapo.nl\/de\/#website\",\"url\":\"https:\/\/vapo.nl\/de\/\",\"name\":\"Vapo Techniek\",\"description\":\"Just another WordPress site\",\"potentialAction\":[{\"@type\":\"SearchAction\",\"target\":{\"@type\":\"EntryPoint\",\"urlTemplate\":\"https:\/\/vapo.nl\/de\/?s={search_term_string}\"},\"query-input\":{\"@type\":\"PropertyValueSpecification\",\"valueRequired\":true,\"valueName\":\"search_term_string\"}}],\"inLanguage\":\"de\"}]}<\/script>\n<!-- \/ Yoast SEO plugin. -->","yoast_head_json":{"title":"Produktinformation Valpes Elektrische Antriebe - Vapo Techniek","robots":{"index":"index","follow":"follow","max-snippet":"max-snippet:-1","max-image-preview":"max-image-preview:large","max-video-preview":"max-video-preview:-1"},"canonical":"https:\/\/vapo.nl\/de\/produktinformation-valpes-elektrische-antriebe\/","og_locale":"de_DE","og_type":"article","og_title":"Produktinformation Valpes Elektrische Antriebe - Vapo Techniek","og_url":"https:\/\/vapo.nl\/de\/produktinformation-valpes-elektrische-antriebe\/","og_site_name":"Vapo Techniek","article_modified_time":"2025-04-22T10:06:52+00:00","twitter_card":"summary_large_image","schema":{"@context":"https:\/\/schema.org","@graph":[{"@type":"WebPage","@id":"https:\/\/vapo.nl\/de\/produktinformation-valpes-elektrische-antriebe\/","url":"https:\/\/vapo.nl\/de\/produktinformation-valpes-elektrische-antriebe\/","name":"Produktinformation Valpes Elektrische Antriebe - Vapo Techniek","isPartOf":{"@id":"https:\/\/vapo.nl\/de\/#website"},"datePublished":"2025-04-22T10:06:51+00:00","dateModified":"2025-04-22T10:06:52+00:00","breadcrumb":{"@id":"https:\/\/vapo.nl\/de\/produktinformation-valpes-elektrische-antriebe\/#breadcrumb"},"inLanguage":"de","potentialAction":[{"@type":"ReadAction","target":["https:\/\/vapo.nl\/de\/produktinformation-valpes-elektrische-antriebe\/"]}]},{"@type":"BreadcrumbList","@id":"https:\/\/vapo.nl\/de\/produktinformation-valpes-elektrische-antriebe\/#breadcrumb","itemListElement":[{"@type":"ListItem","position":1,"name":"Home","item":"https:\/\/vapo.nl\/de\/"},{"@type":"ListItem","position":2,"name":"Produktinformation Valpes Elektrische Antriebe"}]},{"@type":"WebSite","@id":"https:\/\/vapo.nl\/de\/#website","url":"https:\/\/vapo.nl\/de\/","name":"Vapo Techniek","description":"Just another WordPress site","potentialAction":[{"@type":"SearchAction","target":{"@type":"EntryPoint","urlTemplate":"https:\/\/vapo.nl\/de\/?s={search_term_string}"},"query-input":{"@type":"PropertyValueSpecification","valueRequired":true,"valueName":"search_term_string"}}],"inLanguage":"de"}]}},"_links":{"self":[{"href":"https:\/\/vapo.nl\/de\/wp-json\/wp\/v2\/pages\/7221","targetHints":{"allow":["GET"]}}],"collection":[{"href":"https:\/\/vapo.nl\/de\/wp-json\/wp\/v2\/pages"}],"about":[{"href":"https:\/\/vapo.nl\/de\/wp-json\/wp\/v2\/types\/page"}],"author":[{"embeddable":true,"href":"https:\/\/vapo.nl\/de\/wp-json\/wp\/v2\/users\/6"}],"replies":[{"embeddable":true,"href":"https:\/\/vapo.nl\/de\/wp-json\/wp\/v2\/comments?post=7221"}],"version-history":[{"count":2,"href":"https:\/\/vapo.nl\/de\/wp-json\/wp\/v2\/pages\/7221\/revisions"}],"predecessor-version":[{"id":7234,"href":"https:\/\/vapo.nl\/de\/wp-json\/wp\/v2\/pages\/7221\/revisions\/7234"}],"wp:attachment":[{"href":"https:\/\/vapo.nl\/de\/wp-json\/wp\/v2\/media?parent=7221"}],"curies":[{"name":"wp","href":"https:\/\/api.w.org\/{rel}","templated":true}]}}