{"id":8318,"date":"2025-09-11T12:23:24","date_gmt":"2025-09-11T12:23:24","guid":{"rendered":"https:\/\/vapo.nl\/?page_id=8318"},"modified":"2025-09-11T12:23:25","modified_gmt":"2025-09-11T12:23:25","slug":"nachhaltigkeit","status":"publish","type":"page","link":"https:\/\/vapo.nl\/de\/nachhaltigkeit\/","title":{"rendered":"Nachhaltigkeit"},"content":{"rendered":"<!--HEADER-->\n\n<header class=\"header-news-article image-container\" style=\"background: url(https:\/\/vapo.nl\/wp-content\/uploads\/2024\/04\/header-specific-product-new.jpg);\">\n    <div class=\"bg-gradient\">\n        <div class=\"container mx-auto lg:px-0 text-white\">\n            <h1 class=\"title\">\n                Nachhaltigkeit            <\/h1>\n        <\/div>\n    <\/div>\n<\/header>\n<!--HEADER-->\n\n\n<section class=\"news-content \">\n    <div class=\"container mx-auto\">\n        <div class=\"content\">\n            <p><p>Bei <em>Vapo Techniek<\/em> sorgen wir uns um unseren Planeten. Seit der Gr\u00fcndung des Unternehmens vor fast 40 Jahren haben wir unsere Gesch\u00e4ftsabl\u00e4ufe kontinuierlich optimiert. Das gilt auch f\u00fcr die Auswirkungen auf die Umwelt.<\/p>\n<p>Einige konkrete Beispiele f\u00fcr Nachhaltigkeit bei Vapo Techniek:<\/p>\n<p><strong>Alternative Energien<\/strong><br \/>\nSolide Investitionen in Sonnenkollektoren und erneuerbare Energien.<\/p>\n<p><strong>Kreislaufwirtschaft<\/strong><br \/>\nRecycling von Material zur Verringerung oder Vermeidung von Abfall und Verschwendung.<\/p>\n<p><strong>Logistik<\/strong><br \/>\nEinkauf nach dem Prinzip &#8222;First In, First Out&#8220; f\u00fcr junge Best\u00e4nde ohne unverk\u00e4ufliche Artikel.<\/p>\n<p><strong>Prozessoptimierung<\/strong><br \/>\nIntegrieren Sie Nachhaltigkeit in alle Prozesse innerhalb des Unternehmens, um unsere Umweltauswirkungen konkret zu verbessern.<\/p>\n<p><strong>Produktdesign<\/strong><br \/>\nUnsere firmeneigene Reihe von Kugelh\u00e4hnen &#8218;VTB Valves&#8216; ist auf eine lange Lebensdauer ausgelegt und wird von einem Hersteller produziert, der insbesondere an den SDGs arbeitet: 7.3, 13.3, 8.8 und 12.5.\u00a0 F\u00fcr die Lagerung und den Versand verwenden wir FSC-zertifiziertes Verpackungsmaterial von einem lokalen Lieferanten.<\/p>\n<p>Ihre Ideen sind willkommen!<br \/>\nWir wollen unsere Reise in Richtung Nachhaltigkeit fortsetzen und sch\u00e4tzen die Meinung unserer Kunden und Gesch\u00e4ftspartner. Wenn Sie also Vorschl\u00e4ge haben, wie wir unsere Nachhaltigkeit weiter verbessern k\u00f6nnen, w\u00fcrden wir uns freuen, sie zu h\u00f6ren! E-Mail flow@vapo.nl oder Dilara@vapo.nl.<\/p>\n<\/p>\n        <\/div>\n\n        \n            <\/div>\n<\/section>\n\n\n<!--CONTACT FORM-->\n<section class=\"contact-form home-style \" >\n\t<div class=\"container px-[20px] lg:px-0 mx-auto\">\n\t\t<div class=\"contact-row\">\n\t\t\t<div class=\"form-wrapper\">\n\t\t\t\t\t\t\t\t\t<h2 class=\"title\">Kontakt<\/h2>\n\t\t\t\t\n\t\t\t\t\n\t\t\t\t\t\t\t\t\t\t\t\t\t\t\t\t\t\t\t\t<div class=\"media mmobile\">\n\t\t\t\t\t\t\t<img loading=\"lazy\" decoding=\"async\" src=\"https:\/\/vapo.nl\/wp-content\/uploads\/2025\/06\/VAP-250515-7184-2-scaled.jpg\" alt=\"Team Vapo Techniek 2025\" title=\"VAP-250515-7184-2\" width=\"2560\" height=\"1708\" class=\"aligncenter size-full wp-image-7947 block\" srcset=\"https:\/\/vapo.nl\/wp-content\/uploads\/2025\/06\/VAP-250515-7184-2-scaled.jpg 2560w, https:\/\/vapo.nl\/wp-content\/uploads\/2025\/06\/VAP-250515-7184-2-300x200.jpg 300w, https:\/\/vapo.nl\/wp-content\/uploads\/2025\/06\/VAP-250515-7184-2-1024x683.jpg 1024w, https:\/\/vapo.nl\/wp-content\/uploads\/2025\/06\/VAP-250515-7184-2-768x512.jpg 768w, https:\/\/vapo.nl\/wp-content\/uploads\/2025\/06\/VAP-250515-7184-2-1536x1025.jpg 1536w, https:\/\/vapo.nl\/wp-content\/uploads\/2025\/06\/VAP-250515-7184-2-2048x1366.jpg 2048w\" sizes=\"auto, (max-width: 2560px) 100vw, 2560px\" \/>\t\t\t\t\t\t<\/div>\n\t\t\t\t\t\t\t\t\t\t\t\t\t\t\n\t\t\t\t\n\t\t\t\t<div class=\"frm_forms  with_frm_style frm_style_formidable-style\" id=\"frm_form_8_container\" data-token=\"051d9cf27d4621ef79c1f62756576a23\">\n<form enctype=\"multipart\/form-data\" method=\"post\" class=\"frm-show-form  frm_pro_form \" id=\"form_contact-form232\" data-token=\"051d9cf27d4621ef79c1f62756576a23\">\n<div class=\"frm_form_fields \">\n<fieldset>\n<legend class=\"frm_screen_reader\">Contact us DE<\/legend>\r\n\r\n<div class=\"frm_fields_container\">\n<input type=\"hidden\" name=\"frm_action\" value=\"create\" \/>\n<input type=\"hidden\" name=\"form_id\" value=\"8\" \/>\n<input type=\"hidden\" name=\"frm_hide_fields_8\" id=\"frm_hide_fields_8\" value=\"\" \/>\n<input type=\"hidden\" name=\"form_key\" value=\"contact-form232\" \/>\n<input type=\"hidden\" name=\"item_meta[0]\" value=\"\" \/>\n<input type=\"hidden\" id=\"frm_submit_entry_8\" name=\"frm_submit_entry_8\" value=\"d5b512e842\" \/><input type=\"hidden\" name=\"_wp_http_referer\" value=\"\/de\/wp-json\/wp\/v2\/pages\/8318\" \/><div id=\"frm_field_51_container\" class=\"frm_form_field form-field  frm_required_field frm_top_container frm12 frm6 frm_first\">\r\n    <label for=\"field_4fa8832\" id=\"field_4fa8832_label\" class=\"frm_primary_label\">Vollst\u00e4ndiger Name\r\n        <span class=\"frm_required\" aria-hidden=\"true\">*<\/span>\r\n    <\/label>\r\n    <input  type=\"text\" id=\"field_4fa8832\" name=\"item_meta[51]\" value=\"\"  placeholder=\"Vor- und Nachname\" data-reqmsg=\"Vollst\u00e4ndiger Name cannot be blank.\" aria-required=\"true\" data-invmsg=\"Text is invalid\" aria-invalid=\"false\"   \/>\r\n    \r\n    \r\n<\/div>\n<div id=\"frm_field_52_container\" class=\"frm_form_field form-field  frm_required_field frm_top_container frm_alignright frm12 frm6\">\r\n    <label for=\"field_lensw32\" id=\"field_lensw32_label\" class=\"frm_primary_label\">Ihre E-mail Adresse\r\n        <span class=\"frm_required\" aria-hidden=\"true\">*<\/span>\r\n    <\/label>\r\n    <input type=\"email\" id=\"field_lensw32\" name=\"item_meta[52]\" value=\"\"  placeholder=\"name@email.com\" data-reqmsg=\"Dit veld mag niet leeg zijn.\" aria-required=\"true\" data-invmsg=\"Gelieve een geldig e-mailadres in te geven\" aria-invalid=\"false\"  \/>\r\n    \r\n    \r\n<\/div>\n<div id=\"frm_field_53_container\" class=\"frm_form_field form-field  frm_top_container frm12 frm6 frm_first\">\r\n    <label for=\"field_slrkw32\" id=\"field_slrkw32_label\" class=\"frm_primary_label\">Unternehmen\r\n        <span class=\"frm_required\" aria-hidden=\"true\"><\/span>\r\n    <\/label>\r\n    <input  type=\"text\" id=\"field_slrkw32\" name=\"item_meta[53]\" value=\"\"  placeholder=\"Company Name\" data-invmsg=\"Text is invalid\" aria-invalid=\"false\"   \/>\r\n    \r\n    \r\n<\/div>\n<div id=\"frm_field_54_container\" class=\"frm_form_field form-field  frm_required_field frm_top_container frm_alignright frm12 frm6\">\r\n    <label for=\"field_1nl9932\" id=\"field_1nl9932_label\" class=\"frm_primary_label\">Ihre Telefonnummer\r\n        <span class=\"frm_required\" aria-hidden=\"true\">*<\/span>\r\n    <\/label>\r\n    <input type=\"tel\" id=\"field_1nl9932\" name=\"item_meta[54]\" value=\"\"  placeholder=\"+49123456789\" data-reqmsg=\"Ihre Telefonnummer cannot be blank.\" aria-required=\"true\" data-invmsg=\"Phone is invalid\" aria-invalid=\"false\" pattern=\"((\\+\\d{1,3}(-|.| )?\\(?\\d\\)?(-| |.)?\\d{1,5})|(\\(?\\d{2,6}\\)?))(-|.| )?(\\d{3,4})(-|.| )?(\\d{4})(( x| ext)\\d{1,5}){0,1}$\"  \/>\r\n    \r\n    \r\n<\/div>\n<div id=\"frm_field_55_container\" class=\"frm_form_field form-field  frm_top_container frm12\">\r\n    <label for=\"field_6nbhs32\" id=\"field_6nbhs32_label\" class=\"frm_primary_label\">Nachricht\r\n        <span class=\"frm_required\" aria-hidden=\"true\"><\/span>\r\n    <\/label>\r\n    <input  type=\"text\" id=\"field_6nbhs32\" name=\"item_meta[55]\" value=\"\"  placeholder=\"Ihren Nachricht\" data-invmsg=\"Text is invalid\" aria-invalid=\"false\"   \/>\r\n    \r\n    \r\n<\/div>\n<div id=\"frm_field_85_container\" class=\"frm_form_field form-field  frm_none_container\">\r\n\t<label for=\"g-recaptcha-response\" id=\"field_p8jjv_label\" class=\"frm_primary_label\">Captcha\r\n\t\t<span class=\"frm_required\" aria-hidden=\"true\"><\/span>\r\n\t<\/label>\r\n\t<div  id=\"field_p8jjv\" class=\"frm-g-recaptcha\" data-sitekey=\"6LfA_wgrAAAAAC4PJUYot0H2tXpylfxAVkeoqWdo\" data-size=\"invisible\" data-theme=\"light\"><\/div>\r\n\t\r\n\t\r\n<\/div>\n<div id=\"frm_field_79_container\" class=\"frm_form_field form-field \">\r\n\t<div class=\"frm_submit\">\r\n\r\n<button class=\"frm_button_submit frm_final_submit\" type=\"submit\"   formnovalidate=\"formnovalidate\">Send<\/button>\r\n\r\n\r\n<\/div>\r\n<\/div>\n\t<input type=\"hidden\" name=\"item_key\" value=\"\" \/>\n\t\t\t<div id=\"frm_field_106_container\">\n\t\t\t<label for=\"field_n981n\" >\n\t\t\t\tFalls Du menschlich bist, lasse dieses Feld leer.\t\t\t<\/label>\n\t\t\t<input  id=\"field_n981n\" type=\"text\" class=\"frm_form_field form-field frm_verify\" name=\"item_meta[106]\" value=\"\"  \/>\n\t\t<\/div>\n\t\t<input name=\"frm_state\" type=\"hidden\" value=\"XS3Y7VIXikZwTDMkJJJO9GBn\/7alceNn6+S9m+cSzuMyh7x5gTL77odifEBR2sbk\" \/><\/div>\n<\/fieldset>\n<\/div>\n\n<p style=\"display: none !important;\" class=\"akismet-fields-container\" data-prefix=\"ak_\"><label>&#916;<textarea name=\"ak_hp_textarea\" cols=\"45\" rows=\"8\" maxlength=\"100\"><\/textarea><\/label><input type=\"hidden\" id=\"ak_js_1\" name=\"ak_js\" value=\"156\"\/><script>document.getElementById( \"ak_js_1\" ).setAttribute( \"value\", ( new Date() ).getTime() );<\/script><\/p><\/form>\n<\/div>\n\n\t\t\t\t\t\t\t\t\t<div class=\"social-info\">\n\t\t\t\t\t\t<p class=\"label\">Folgen Sie uns:<\/p>\n\t\t\t\t\t\t\t\t\t\t\t\t\t<ul class=\"social-list list-none\">\n\t\t\t\t\t\t\t\t\t\t\t\t\t\t\t\t\t<li class=\"social-item\">\n\t\t\t\t\t\t\t\t\t\t<a href=\"https:\/\/www.linkedin.com\/company\/vapo-techniek\/\" class=\"social-link inline-block\" target=\"_blank\">\n\t\t\t\t\t\t\t\t\t\t\t<img loading=\"lazy\" decoding=\"async\" src=\"https:\/\/vapo.nl\/wp-content\/uploads\/2024\/02\/vp-linkedin.png\" alt=\"\" title=\"vp-linkedin\" width=\"40\" height=\"40\" class=\"aligncenter size-full wp-image-1123 social-icon\" \/>\t\t\t\t\t\t\t\t\t\t<\/a>\n\t\t\t\t\t\t\t\t\t<\/li>\n\t\t\t\t\t\t\t\t\t\t\t\t\t\t\t\t\t<li class=\"social-item\">\n\t\t\t\t\t\t\t\t\t\t<a href=\"https:\/\/www.instagram.com\/vapo_techniek\/\" class=\"social-link inline-block\" target=\"_blank\">\n\t\t\t\t\t\t\t\t\t\t\t<img loading=\"lazy\" decoding=\"async\" src=\"https:\/\/vapo.nl\/wp-content\/uploads\/2024\/02\/vp-ig.png\" alt=\"\" title=\"vp-ig\" width=\"40\" height=\"40\" class=\"aligncenter size-full wp-image-1119 social-icon\" \/>\t\t\t\t\t\t\t\t\t\t<\/a>\n\t\t\t\t\t\t\t\t\t<\/li>\n\t\t\t\t\t\t\t\t\t\t\t\t\t\t\t<\/ul>\n\t\t\t\t\t\t\t\t\t\t\t<\/div>\n\t\t\t\t\t\t\t<\/div>\n\t\t\t<div class=\"media relative\">\n\t\t\t\t\t\t\t\t\t<img loading=\"lazy\" decoding=\"async\" src=\"https:\/\/vapo.nl\/wp-content\/uploads\/2025\/06\/VAP-250515-7184-2-scaled.jpg\" alt=\"Team Vapo Techniek 2025\" title=\"VAP-250515-7184-2\" width=\"2560\" height=\"1708\" class=\"aligncenter size-full wp-image-7947 block block\" srcset=\"https:\/\/vapo.nl\/wp-content\/uploads\/2025\/06\/VAP-250515-7184-2-scaled.jpg 2560w, https:\/\/vapo.nl\/wp-content\/uploads\/2025\/06\/VAP-250515-7184-2-300x200.jpg 300w, https:\/\/vapo.nl\/wp-content\/uploads\/2025\/06\/VAP-250515-7184-2-1024x683.jpg 1024w, https:\/\/vapo.nl\/wp-content\/uploads\/2025\/06\/VAP-250515-7184-2-768x512.jpg 768w, https:\/\/vapo.nl\/wp-content\/uploads\/2025\/06\/VAP-250515-7184-2-1536x1025.jpg 1536w, https:\/\/vapo.nl\/wp-content\/uploads\/2025\/06\/VAP-250515-7184-2-2048x1366.jpg 2048w\" sizes=\"auto, (max-width: 2560px) 100vw, 2560px\" \/>\t\t\t\t\t\t\t\t\t\t\t<\/div>\n\t\t<\/div>\n\t<\/div>\n<\/section>\n<!--CONTACT FORM-->\n","protected":false},"excerpt":{"rendered":"","protected":false},"author":154,"featured_media":0,"parent":0,"menu_order":0,"comment_status":"closed","ping_status":"closed","template":"","meta":{"_acf_changed":false,"inline_featured_image":false,"footnotes":""},"class_list":["post-8318","page","type-page","status-publish","hentry"],"acf":[],"yoast_head":"<!-- This site is optimized with the Yoast SEO plugin v27.2 - https:\/\/yoast.com\/product\/yoast-seo-wordpress\/ -->\n<title>Nachhaltigkeit - Vapo Techniek<\/title>\n<meta name=\"robots\" content=\"index, follow, max-snippet:-1, max-image-preview:large, max-video-preview:-1\" \/>\n<link rel=\"canonical\" href=\"https:\/\/vapo.nl\/de\/nachhaltigkeit\/\" \/>\n<meta property=\"og:locale\" content=\"de_DE\" \/>\n<meta property=\"og:type\" content=\"article\" \/>\n<meta property=\"og:title\" content=\"Nachhaltigkeit - Vapo Techniek\" \/>\n<meta property=\"og:url\" content=\"https:\/\/vapo.nl\/de\/nachhaltigkeit\/\" \/>\n<meta property=\"og:site_name\" content=\"Vapo Techniek\" \/>\n<meta property=\"article:modified_time\" content=\"2025-09-11T12:23:25+00:00\" \/>\n<meta name=\"twitter:card\" content=\"summary_large_image\" \/>\n<script type=\"application\/ld+json\" class=\"yoast-schema-graph\">{\"@context\":\"https:\/\/schema.org\",\"@graph\":[{\"@type\":\"WebPage\",\"@id\":\"https:\/\/vapo.nl\/de\/nachhaltigkeit\/\",\"url\":\"https:\/\/vapo.nl\/de\/nachhaltigkeit\/\",\"name\":\"Nachhaltigkeit - Vapo Techniek\",\"isPartOf\":{\"@id\":\"https:\/\/vapo.nl\/de\/#website\"},\"datePublished\":\"2025-09-11T12:23:24+00:00\",\"dateModified\":\"2025-09-11T12:23:25+00:00\",\"breadcrumb\":{\"@id\":\"https:\/\/vapo.nl\/de\/nachhaltigkeit\/#breadcrumb\"},\"inLanguage\":\"de\",\"potentialAction\":[{\"@type\":\"ReadAction\",\"target\":[\"https:\/\/vapo.nl\/de\/nachhaltigkeit\/\"]}]},{\"@type\":\"BreadcrumbList\",\"@id\":\"https:\/\/vapo.nl\/de\/nachhaltigkeit\/#breadcrumb\",\"itemListElement\":[{\"@type\":\"ListItem\",\"position\":1,\"name\":\"Home\",\"item\":\"https:\/\/vapo.nl\/de\/\"},{\"@type\":\"ListItem\",\"position\":2,\"name\":\"Nachhaltigkeit\"}]},{\"@type\":\"WebSite\",\"@id\":\"https:\/\/vapo.nl\/de\/#website\",\"url\":\"https:\/\/vapo.nl\/de\/\",\"name\":\"Vapo Techniek\",\"description\":\"Just another WordPress site\",\"potentialAction\":[{\"@type\":\"SearchAction\",\"target\":{\"@type\":\"EntryPoint\",\"urlTemplate\":\"https:\/\/vapo.nl\/de\/?s={search_term_string}\"},\"query-input\":{\"@type\":\"PropertyValueSpecification\",\"valueRequired\":true,\"valueName\":\"search_term_string\"}}],\"inLanguage\":\"de\"}]}<\/script>\n<!-- \/ Yoast SEO plugin. -->","yoast_head_json":{"title":"Nachhaltigkeit - Vapo Techniek","robots":{"index":"index","follow":"follow","max-snippet":"max-snippet:-1","max-image-preview":"max-image-preview:large","max-video-preview":"max-video-preview:-1"},"canonical":"https:\/\/vapo.nl\/de\/nachhaltigkeit\/","og_locale":"de_DE","og_type":"article","og_title":"Nachhaltigkeit - Vapo Techniek","og_url":"https:\/\/vapo.nl\/de\/nachhaltigkeit\/","og_site_name":"Vapo Techniek","article_modified_time":"2025-09-11T12:23:25+00:00","twitter_card":"summary_large_image","schema":{"@context":"https:\/\/schema.org","@graph":[{"@type":"WebPage","@id":"https:\/\/vapo.nl\/de\/nachhaltigkeit\/","url":"https:\/\/vapo.nl\/de\/nachhaltigkeit\/","name":"Nachhaltigkeit - Vapo Techniek","isPartOf":{"@id":"https:\/\/vapo.nl\/de\/#website"},"datePublished":"2025-09-11T12:23:24+00:00","dateModified":"2025-09-11T12:23:25+00:00","breadcrumb":{"@id":"https:\/\/vapo.nl\/de\/nachhaltigkeit\/#breadcrumb"},"inLanguage":"de","potentialAction":[{"@type":"ReadAction","target":["https:\/\/vapo.nl\/de\/nachhaltigkeit\/"]}]},{"@type":"BreadcrumbList","@id":"https:\/\/vapo.nl\/de\/nachhaltigkeit\/#breadcrumb","itemListElement":[{"@type":"ListItem","position":1,"name":"Home","item":"https:\/\/vapo.nl\/de\/"},{"@type":"ListItem","position":2,"name":"Nachhaltigkeit"}]},{"@type":"WebSite","@id":"https:\/\/vapo.nl\/de\/#website","url":"https:\/\/vapo.nl\/de\/","name":"Vapo Techniek","description":"Just another WordPress site","potentialAction":[{"@type":"SearchAction","target":{"@type":"EntryPoint","urlTemplate":"https:\/\/vapo.nl\/de\/?s={search_term_string}"},"query-input":{"@type":"PropertyValueSpecification","valueRequired":true,"valueName":"search_term_string"}}],"inLanguage":"de"}]}},"_links":{"self":[{"href":"https:\/\/vapo.nl\/de\/wp-json\/wp\/v2\/pages\/8318","targetHints":{"allow":["GET"]}}],"collection":[{"href":"https:\/\/vapo.nl\/de\/wp-json\/wp\/v2\/pages"}],"about":[{"href":"https:\/\/vapo.nl\/de\/wp-json\/wp\/v2\/types\/page"}],"author":[{"embeddable":true,"href":"https:\/\/vapo.nl\/de\/wp-json\/wp\/v2\/users\/154"}],"replies":[{"embeddable":true,"href":"https:\/\/vapo.nl\/de\/wp-json\/wp\/v2\/comments?post=8318"}],"version-history":[{"count":4,"href":"https:\/\/vapo.nl\/de\/wp-json\/wp\/v2\/pages\/8318\/revisions"}],"predecessor-version":[{"id":8331,"href":"https:\/\/vapo.nl\/de\/wp-json\/wp\/v2\/pages\/8318\/revisions\/8331"}],"wp:attachment":[{"href":"https:\/\/vapo.nl\/de\/wp-json\/wp\/v2\/media?parent=8318"}],"curies":[{"name":"wp","href":"https:\/\/api.w.org\/{rel}","templated":true}]}}