{"id":4421,"date":"2024-02-09T11:36:28","date_gmt":"2024-02-09T11:36:28","guid":{"rendered":"https:\/\/vapo.nl\/leverancier-apollo-valves\/terugslagkleppen-2\/"},"modified":"2024-04-25T07:00:54","modified_gmt":"2024-04-25T07:00:54","slug":"terugslagkleppen-2","status":"publish","type":"page","link":"https:\/\/vapo.nl\/fr\/leverancier-apollo-valves\/terugslagkleppen-2\/","title":{"rendered":"Clapets anti-retour"},"content":{"rendered":"<!--HEADER PRODUCT CATEGORY-->\n<header class=\"header-product-category h-auto\" style=\"background-image: url(https:\/\/vapo.nl\/wp-content\/uploads\/2024\/02\/header-product-category.png);\">\n    <div class=\"container px-[20px] lg:px-0 mx-auto\">\n        <div class=\"block py-6 lg:w-[70%] lg:pt-5 lg:pb-10 3xl:w-[58%] 4xl:w-[50%]\">\n            <h1 class=\"title\">Clapets anti-retour <\/h1>\n            <div class=\"description\"><p>En tant que sp\u00e9cialiste des vannes, VAPO fournit naturellement aussi des clapets anti-retour pour vos installations de traitement. Que vous entreteniez une installation existante et souhaitiez remplacer un clapet anti-retour, ou que vous conceviez un processus enti\u00e8rement nouveau&#8230; chez VAPO, vous trouverez le clapet anti-retour appropri\u00e9. En outre, nous sommes heureux de vous offrir autant d&rsquo;expertise suppl\u00e9mentaire que vous le souhaitez. Indiquez-nous les conditions dans lesquelles vous souhaitez utiliser le clapet anti-retour, et nous vous fournirons le clapet id\u00e9al.<\/p>\n<\/div>            \t\t\t\t<a href=\"#contact\" class=\"btn btn-brand\">\n\t\t\t\t\tPrenez contact avec nous\t\t\t\t<\/a>\n\t\t\t        <\/div>\n    <\/div>\n<\/header>\n<!--HEADER PRODUCT CATEGORY-->\n\n<section class=\"product-cards\">\n    <div class=\"container mx-auto\">\n        <div class=\"card-wrap mx-4 lg:mx-0\">\n                        <div class=\"card\">\n                <div class=\"image-wrap\">\n\t\t\t\t\t<img loading=\"lazy\" decoding=\"async\" src=\"https:\/\/vapo.nl\/wp-content\/uploads\/2024\/02\/logotipo-herbe-e1708265616472.png\" alt=\"\" title=\"logotipo-herbe\" width=\"594\" height=\"300\" class=\"aligncenter size- wp-image-2497 \" \/>                <\/div>\n                <h2 class=\"title flex-grow\">\n                    Herbe Clapets anti-retour                 <\/h2>\n                <p class=\"excerpt\">\n                    Herbe Clapets anti-retour                 <\/p>\n                <a href=\"\" class=\"cta-link\" target=\"_blank\" >Bekijk product<\/a>\n            <\/div>\n\n                    <\/div>\n        <div class=\"load-more-wrap hidden\">\n            <a href=\"#\" class=\"load-more link-arrow\">Laad meer producten<\/a>\n        <\/div>\n    <\/div>\n<\/section>\n\n\n  <div class=\"separator \" style=\"height: 100px;\">&nbsp;<\/div>\n\n\n<!--CONTACT FORM-->\n<section class=\"contact-form home-style \" id=\"contact\">\n\t<div class=\"container px-[20px] lg:px-0 mx-auto\">\n\t\t<div class=\"contact-row\">\n\t\t\t<div class=\"form-wrapper\">\n\t\t\t\t\t\t\t\t\t<h2 class=\"title\">Vraag een offerte aan<\/h2>\n\t\t\t\t\n\t\t\t\t\n\t\t\t\t\t\t\t\t\t\t\t\t\t\t\t\t\t\t\t\t<div class=\"media mmobile\">\n\t\t\t\t\t\t\t<img loading=\"lazy\" decoding=\"async\" src=\"https:\/\/vapo.nl\/wp-content\/uploads\/2024\/02\/Rectangle-3790.jpg\" alt=\"\" title=\"Rectangle 3790\" width=\"690\" height=\"557\" class=\"aligncenter size-full wp-image-1413 block\" srcset=\"https:\/\/vapo.nl\/wp-content\/uploads\/2024\/02\/Rectangle-3790.jpg 690w, https:\/\/vapo.nl\/wp-content\/uploads\/2024\/02\/Rectangle-3790-300x242.jpg 300w\" sizes=\"auto, (max-width: 690px) 100vw, 690px\" \/>\t\t\t\t\t\t<\/div>\n\t\t\t\t\t\t\t\t\t\t\t\t\t\t\n\t\t\t\t\n\t\t\t\t<div class=\"frm_forms  with_frm_style frm_style_formidable-style\" id=\"frm_form_2_container\" data-token=\"5f15399edd394d887d8173a68ae42930\">\n<form enctype=\"multipart\/form-data\" method=\"post\" class=\"frm-show-form  frm_pro_form \" id=\"form_contact-form2\" data-token=\"5f15399edd394d887d8173a68ae42930\">\n<div class=\"frm_form_fields \">\n<fieldset>\n<legend class=\"frm_screen_reader\">Contact us NL<\/legend>\r\n\r\n<div class=\"frm_fields_container\">\n<input type=\"hidden\" name=\"frm_action\" value=\"create\" \/>\n<input type=\"hidden\" name=\"form_id\" value=\"2\" \/>\n<input type=\"hidden\" name=\"frm_hide_fields_2\" id=\"frm_hide_fields_2\" value=\"\" \/>\n<input type=\"hidden\" name=\"form_key\" value=\"contact-form2\" \/>\n<input type=\"hidden\" name=\"item_meta[0]\" value=\"\" \/>\n<input type=\"hidden\" id=\"frm_submit_entry_2\" name=\"frm_submit_entry_2\" value=\"170ebf0656\" \/><input type=\"hidden\" name=\"_wp_http_referer\" value=\"\/fr\/wp-json\/wp\/v2\/pages\/4421\" \/><div id=\"frm_field_6_container\" class=\"frm_form_field form-field  frm_required_field frm_top_container frm12 frm6 frm_first\">\r\n    <label for=\"field_4fa88\" id=\"field_4fa88_label\" class=\"frm_primary_label\">Naam\r\n        <span class=\"frm_required\" aria-hidden=\"true\">*<\/span>\r\n    <\/label>\r\n    <input  type=\"text\" id=\"field_4fa88\" name=\"item_meta[6]\" value=\"\"  placeholder=\"Voor en achternaam\" data-reqmsg=\"Naam cannot be blank.\" aria-required=\"true\" data-invmsg=\"Text is invalid\" aria-invalid=\"false\"   \/>\r\n    \r\n    \r\n<\/div>\n<div id=\"frm_field_7_container\" class=\"frm_form_field form-field  frm_required_field frm_top_container frm_alignright frm12 frm6\">\r\n    <label for=\"field_lensw\" id=\"field_lensw_label\" class=\"frm_primary_label\">E-mail\r\n        <span class=\"frm_required\" aria-hidden=\"true\">*<\/span>\r\n    <\/label>\r\n    <input type=\"email\" id=\"field_lensw\" name=\"item_meta[7]\" value=\"\"  placeholder=\"naam@email.nl\" data-reqmsg=\"Dit veld mag niet leeg zijn.\" aria-required=\"true\" data-invmsg=\"Gelieve een geldig e-mailadres in te geven\" aria-invalid=\"false\"  \/>\r\n    \r\n    \r\n<\/div>\n<div id=\"frm_field_8_container\" class=\"frm_form_field form-field  frm_top_container frm12 frm6 frm_first\">\r\n    <label for=\"field_slrkw\" id=\"field_slrkw_label\" class=\"frm_primary_label\">Bedrijf\r\n        <span class=\"frm_required\" aria-hidden=\"true\"><\/span>\r\n    <\/label>\r\n    <input  type=\"text\" id=\"field_slrkw\" name=\"item_meta[8]\" value=\"\"  placeholder=\"Bedrijfsnaam\" data-invmsg=\"Text is invalid\" aria-invalid=\"false\"   \/>\r\n    \r\n    \r\n<\/div>\n<div id=\"frm_field_9_container\" class=\"frm_form_field form-field  frm_required_field frm_top_container frm_alignright frm12 frm6\">\r\n    <label for=\"field_1nl99\" id=\"field_1nl99_label\" class=\"frm_primary_label\">Telefoonnummer\r\n        <span class=\"frm_required\" aria-hidden=\"true\">*<\/span>\r\n    <\/label>\r\n    <input type=\"tel\" id=\"field_1nl99\" name=\"item_meta[9]\" value=\"\"  placeholder=\"+31612345678\" data-reqmsg=\"Telefoonnummer cannot be blank.\" aria-required=\"true\" data-invmsg=\"Phone is invalid\" aria-invalid=\"false\" pattern=\"((\\+\\d{1,3}(-|.| )?\\(?\\d\\)?(-| |.)?\\d{1,5})|(\\(?\\d{2,6}\\)?))(-|.| )?(\\d{3,4})(-|.| )?(\\d{4})(( x| ext)\\d{1,5}){0,1}$\"  \/>\r\n    \r\n    \r\n<\/div>\n<div id=\"frm_field_10_container\" class=\"frm_form_field form-field  frm_top_container frm12\">\r\n    <label for=\"field_6nbhs\" id=\"field_6nbhs_label\" class=\"frm_primary_label\">Bericht\r\n        <span class=\"frm_required\" aria-hidden=\"true\"><\/span>\r\n    <\/label>\r\n    <input  type=\"text\" id=\"field_6nbhs\" name=\"item_meta[10]\" value=\"\"  placeholder=\"Typ hier uw bericht...\" data-invmsg=\"Text is invalid\" aria-invalid=\"false\"   \/>\r\n    \r\n    \r\n<\/div>\n<div id=\"frm_field_78_container\" class=\"frm_form_field form-field  frm_none_container\">\r\n\t<label for=\"g-recaptcha-response\" id=\"field_eg2v0_label\" class=\"frm_primary_label\">Captcha\r\n\t\t<span class=\"frm_required\" aria-hidden=\"true\"><\/span>\r\n\t<\/label>\r\n\t<div  id=\"field_eg2v0\" class=\"frm-g-recaptcha\" data-sitekey=\"6LfA_wgrAAAAAC4PJUYot0H2tXpylfxAVkeoqWdo\" data-size=\"invisible\" data-theme=\"light\"><\/div>\r\n\t\r\n\t\r\n<\/div>\n<div id=\"frm_field_76_container\" class=\"frm_form_field form-field \">\r\n\t<div class=\"frm_submit\">\r\n\r\n<button class=\"frm_button_submit frm_final_submit\" type=\"submit\"   formnovalidate=\"formnovalidate\">Verzenden<\/button>\r\n\r\n\r\n<\/div>\r\n<\/div>\n\t<input type=\"hidden\" name=\"item_key\" value=\"\" \/>\n\t\t\t<div id=\"frm_field_106_container\">\n\t\t\t<label for=\"field_6dlnm\" >\n\t\t\t\tSi vous \u00eates un humain, ne remplissez pas ce champ.\t\t\t<\/label>\n\t\t\t<input  id=\"field_6dlnm\" type=\"text\" class=\"frm_form_field form-field frm_verify\" name=\"item_meta[106]\" value=\"\"  \/>\n\t\t<\/div>\n\t\t<input name=\"frm_state\" type=\"hidden\" value=\"XS3Y7VIXikZwTDMkJJJO9Jxj+SpRmCRMz2jZMXnBmVcyh7x5gTL77odifEBR2sbk\" \/><\/div>\n<\/fieldset>\n<\/div>\n\n<p style=\"display: none !important;\" class=\"akismet-fields-container\" data-prefix=\"ak_\"><label>&#916;<textarea name=\"ak_hp_textarea\" cols=\"45\" rows=\"8\" maxlength=\"100\"><\/textarea><\/label><input type=\"hidden\" id=\"ak_js_1\" name=\"ak_js\" value=\"245\"\/><script>document.getElementById( \"ak_js_1\" ).setAttribute( \"value\", ( new Date() ).getTime() );<\/script><\/p><\/form>\n<\/div>\n\n\t\t\t\t\t\t\t\t\t<div class=\"social-info\">\n\t\t\t\t\t\t<p class=\"label\">Nous suivre<\/p>\n\t\t\t\t\t\t\t\t\t\t\t\t\t<ul class=\"social-list list-none\">\n\t\t\t\t\t\t\t\t\t\t\t\t\t\t\t\t\t<li class=\"social-item\">\n\t\t\t\t\t\t\t\t\t\t<a href=\"https:\/\/www.linkedin.com\/company\/vapo-techniek\/\" class=\"social-link inline-block\" target=\"_blank\">\n\t\t\t\t\t\t\t\t\t\t\t<img loading=\"lazy\" decoding=\"async\" src=\"https:\/\/vapo.nl\/wp-content\/uploads\/2024\/02\/vp-linkedin.png\" alt=\"\" title=\"vp-linkedin\" width=\"40\" height=\"40\" class=\"aligncenter size-full wp-image-1122 social-icon\" \/>\t\t\t\t\t\t\t\t\t\t<\/a>\n\t\t\t\t\t\t\t\t\t<\/li>\n\t\t\t\t\t\t\t\t\t\t\t\t\t\t\t\t\t<li class=\"social-item\">\n\t\t\t\t\t\t\t\t\t\t<a href=\"https:\/\/www.instagram.com\/vapo_techniek\/\" class=\"social-link inline-block\" target=\"_blank\">\n\t\t\t\t\t\t\t\t\t\t\t<img loading=\"lazy\" decoding=\"async\" src=\"https:\/\/vapo.nl\/wp-content\/uploads\/2024\/02\/vp-ig.png\" alt=\"\" title=\"vp-ig\" width=\"40\" height=\"40\" class=\"aligncenter size-full wp-image-1118 social-icon\" \/>\t\t\t\t\t\t\t\t\t\t<\/a>\n\t\t\t\t\t\t\t\t\t<\/li>\n\t\t\t\t\t\t\t\t\t\t\t\t\t\t\t<\/ul>\n\t\t\t\t\t\t\t\t\t\t\t<\/div>\n\t\t\t\t\t\t\t<\/div>\n\t\t\t<div class=\"media relative\">\n\t\t\t\t\t\t\t\t\t<img loading=\"lazy\" decoding=\"async\" src=\"https:\/\/vapo.nl\/wp-content\/uploads\/2024\/02\/Rectangle-3790.jpg\" alt=\"\" title=\"Rectangle 3790\" width=\"690\" height=\"557\" class=\"aligncenter size-full wp-image-1413 block block\" srcset=\"https:\/\/vapo.nl\/wp-content\/uploads\/2024\/02\/Rectangle-3790.jpg 690w, https:\/\/vapo.nl\/wp-content\/uploads\/2024\/02\/Rectangle-3790-300x242.jpg 300w\" sizes=\"auto, (max-width: 690px) 100vw, 690px\" \/>\t\t\t\t\t\t\t\t\t\t\t<\/div>\n\t\t<\/div>\n\t<\/div>\n<\/section>\n<!--CONTACT FORM-->\n\n\n<!--SECTION WHY VAPO-->\n<div class=\"container mx-auto flex justify-between mt-[-10px] lg:mt-[0px]\">\n    <div class=\"block w-full lg:flex justify-start items-start\">\n        <div class=\"px-4 w-full lg:w-1\/3 \">\n            <h3 class=\"font-medium text-[40px] md:text-[50px] 3xl:text-[64px] mb-0 leading-tight text-[#E24129]\">\n                Waarom VAPO?            <\/h3>\n            <a href=\"https:\/\/vapo.nl\/fr\/offre\/\" class=\"hidden lg:block link-arrow\">Vraag een offerte aan<\/a>\n        <\/div>\n        <div class=\"quote-product-category mt-[24px] with-title px-9 w-full lg:w-2\/3 lg:mt-4 brand-subtitle\">\n            <span class=\"text-xl lg:text-left text-center flex md:text-[30px] 3xl:text-[40px] leading-[32px] lg:leading-[48px]\">\n                We zijn experts in geautomatiseerde afsluiters, met ruime voorraad en deskundig advies.            <\/span>\n        <\/div>\n    <\/div>\n<\/div>\n<!--SECTION WHY VAPO-->\n\n  <div class=\"separator \" style=\"height: 100px;\">&nbsp;<\/div>\n\n\n\n<section class=\"gradient-grid mt-[30px] py-0 lg:py-10 \" >\n\t<div class=\"container mx-auto\">\n\t\t<div class=\"wrapper\">\n\t\t              \t\t\t\t<div class=\"content\">\n\t\t\t\t\t<div class=\"title\">VAPO Adviseert<\/div>\n\t\t\t\t\t<div class=\"desc\">\n\t\t\t\t\t\t<p>Met diepgaande expertise en maatwerkoplossingen adviseert VAPO klanten in het optimaliseren van waterafsluiters voor hun specifieke behoeften.<\/p>\n\t\t\t\t\t<\/div>\n\t\t\t\t<\/div>\n\t\t\t\t\t\t\t<div class=\"content\">\n\t\t\t\t\t<div class=\"title\">VAPO Ontwerpt<\/div>\n\t\t\t\t\t<div class=\"desc\">\n\t\t\t\t\t\t<p>We ontwerpen waterafsluiters met precisie en expertise, elk afgestemd op uw unieke behoeften en eisen.<\/p>\n\t\t\t\t\t<\/div>\n\t\t\t\t<\/div>\n\t\t\t\t\t\t\t<div class=\"content\">\n\t\t\t\t\t<div class=\"title\">VAPO Assembleert<\/div>\n\t\t\t\t\t<div class=\"desc\">\n\t\t\t\t\t\t<p>Tijdens de assemblage komt uw visie en onze expertise tot leven in elke waterafsluiter die met zorg en precisie is ontwikkeld.<\/p>\n\t\t\t\t\t<\/div>\n\t\t\t\t<\/div>\n\t\t\t          \t\t<\/div>\n\t<\/div>\n<\/section>\n\n<section class=\"cta-logo pt-6 pb-2 lg:py-16 3xl:py-[5rem] with-gradient\" >\n  <div class=\"container mx-auto px-[21px] lg:px-0\">\n    <h2 class=\"title\">Onze leveranciers<\/h2>\n        <div class=\"logo-area flex flex-row\"> \n                        <div class=\"thelogo\">\n                          <a href=\"\/4g-ghidini\/\">\n                <img decoding=\"async\" src=\"https:\/\/vapo.nl\/wp-content\/uploads\/2024\/02\/Logo-4G-e.svg\" alt=\"\" title=\"Logo-4G-e\" class=\"aligncenter size-full wp-image-1673 \" \/>              <\/a>\n                      <\/div>\n                  <div class=\"thelogo\">\n                          <a href=\"\/apollo-valves\/\">\n                <img decoding=\"async\" src=\"https:\/\/vapo.nl\/wp-content\/uploads\/2024\/02\/Logo-Apollo-e.svg\" alt=\"\" title=\"Logo-Apollo-e\" class=\"aligncenter size-full wp-image-1677 \" \/>              <\/a>\n                      <\/div>\n                  <div class=\"thelogo\">\n                          <a href=\"\/bar-pneumatische-steuerungssysteme-gmbh\/\">\n                <img decoding=\"async\" src=\"https:\/\/vapo.nl\/wp-content\/uploads\/2024\/02\/Logo-Bar-e.svg\" alt=\"\" title=\"Logo-Bar-e\" class=\"aligncenter size-full wp-image-1681 \" \/>              <\/a>\n                      <\/div>\n                  <div class=\"thelogo\">\n                          <a href=\"\/leverancier-crotti-fortunato-sns\/\">\n                <img decoding=\"async\" src=\"https:\/\/vapo.nl\/wp-content\/uploads\/2024\/02\/Logo-Crotti-e.svg\" alt=\"\" title=\"Logo-Crotti-e\" class=\"aligncenter size-full wp-image-1712 \" \/>              <\/a>\n                      <\/div>\n                  <div class=\"thelogo\">\n                          <a href=\"\/leverancier-ghibson-valves\/\">\n                <img decoding=\"async\" src=\"https:\/\/vapo.nl\/wp-content\/uploads\/2024\/02\/Logo-Ghibson-e.svg\" alt=\"\" title=\"Logo-Ghibson-e\" class=\"aligncenter size-full wp-image-1704 \" \/>              <\/a>\n                      <\/div>\n                  <div class=\"thelogo\">\n                          <a href=\"#\">\n                <img decoding=\"async\" src=\"https:\/\/vapo.nl\/wp-content\/uploads\/2024\/02\/Logo-Herbe-e.svg\" alt=\"\" title=\"Logo-Herbe-e\" class=\"aligncenter size-full wp-image-1708 \" \/>              <\/a>\n                      <\/div>\n                  <div class=\"thelogo\">\n                          <a href=\"#\">\n                <img decoding=\"async\" src=\"https:\/\/vapo.nl\/wp-content\/uploads\/2024\/02\/Logo-IFM-e.svg\" alt=\"\" title=\"Logo-IFM-e\" class=\"aligncenter size-full wp-image-1716 \" \/>              <\/a>\n                      <\/div>\n                  <div class=\"thelogo\">\n                          <a href=\"#\">\n                <img decoding=\"async\" src=\"https:\/\/vapo.nl\/wp-content\/uploads\/2024\/02\/Logo-PepperlFuchs-e.svg\" alt=\"\" title=\"Logo-Pepperl+Fuchs-e\" class=\"aligncenter size-full wp-image-1720 \" \/>              <\/a>\n                      <\/div>\n                  <div class=\"thelogo\">\n                          <a href=\"\/leverancier-ps-automation\/\">\n                <img decoding=\"async\" src=\"https:\/\/vapo.nl\/wp-content\/uploads\/2024\/02\/Logo-PS-Automation-e.svg\" alt=\"\" title=\"Logo-PS-Automation-e\" class=\"aligncenter size-full wp-image-1724 \" \/>              <\/a>\n                      <\/div>\n                  <div class=\"thelogo\">\n                          <a href=\"\/sirca-international-s-p-a\/\">\n                <img decoding=\"async\" src=\"https:\/\/vapo.nl\/wp-content\/uploads\/2024\/02\/Logo-Sirca-e.svg\" alt=\"\" title=\"Logo-Sirca-e\" class=\"aligncenter size-full wp-image-1728 \" \/>              <\/a>\n                      <\/div>\n                  <div class=\"thelogo\">\n                          <a href=\"\/socla\/\">\n                <img decoding=\"async\" src=\"https:\/\/vapo.nl\/wp-content\/uploads\/2024\/02\/Logo-Socla-e.svg\" alt=\"\" title=\"Logo-Socla-e\" class=\"aligncenter size-full wp-image-1732 \" \/>              <\/a>\n                      <\/div>\n                  <div class=\"thelogo\">\n                          <a href=\"\/leverancier-rotork-instruments-soldo\/\">\n                <img decoding=\"async\" src=\"https:\/\/vapo.nl\/wp-content\/uploads\/2024\/02\/Logo-Soldo-e.svg\" alt=\"\" title=\"Logo-Soldo-e\" class=\"aligncenter size-full wp-image-1688 \" \/>              <\/a>\n                      <\/div>\n                  <div class=\"thelogo\">\n                          <a href=\"#\">\n                <img decoding=\"async\" src=\"https:\/\/vapo.nl\/wp-content\/uploads\/2024\/02\/Logo-Valpes-e.svg\" alt=\"\" title=\"Logo-Valpes-e\" class=\"aligncenter size-full wp-image-1692 \" \/>              <\/a>\n                      <\/div>\n                  <div class=\"thelogo\">\n                          <a href=\"\/leverancier-valvole-hofmann-by-bonino-engineering\/\">\n                <img decoding=\"async\" src=\"https:\/\/vapo.nl\/wp-content\/uploads\/2024\/02\/Logo-Valvole-e.svg\" alt=\"\" title=\"Logo-Valvole-e\" class=\"aligncenter size-full wp-image-1696 \" \/>              <\/a>\n                      <\/div>\n                  <div class=\"thelogo\">\n                          <a href=\"\/vtb-valves\/\">\n                <img decoding=\"async\" src=\"https:\/\/vapo.nl\/wp-content\/uploads\/2024\/02\/Logo-VTB-e.svg\" alt=\"\" title=\"Logo-VTB-e\" class=\"aligncenter size-full wp-image-1700 \" \/>              <\/a>\n                      <\/div>\n                  <\/div>\n      <\/div>\n<\/section>","protected":false},"excerpt":{"rendered":"betrouwbaar, duurzaam en essentieel voor nauwkeurige vloeistof- en gasregeling.","protected":false},"author":1,"featured_media":1403,"parent":4415,"menu_order":0,"comment_status":"closed","ping_status":"closed","template":"","meta":{"_acf_changed":false,"inline_featured_image":false,"footnotes":""},"class_list":["post-4421","page","type-page","status-publish","has-post-thumbnail","hentry"],"acf":[],"yoast_head":"<!-- This site is optimized with the Yoast SEO plugin v27.2 - https:\/\/yoast.com\/product\/yoast-seo-wordpress\/ -->\n<title>Clapets anti-retour - Vapo Techniek<\/title>\n<meta name=\"robots\" content=\"index, follow, max-snippet:-1, max-image-preview:large, max-video-preview:-1\" \/>\n<link rel=\"canonical\" href=\"https:\/\/vapo.nl\/fr\/leverancier-apollo-valves\/terugslagkleppen-2\/\" \/>\n<meta property=\"og:locale\" content=\"fr_FR\" \/>\n<meta property=\"og:type\" content=\"article\" \/>\n<meta property=\"og:title\" content=\"Clapets anti-retour - Vapo Techniek\" \/>\n<meta property=\"og:description\" content=\"betrouwbaar, duurzaam en essentieel voor nauwkeurige vloeistof- en gasregeling.\" \/>\n<meta property=\"og:url\" content=\"https:\/\/vapo.nl\/fr\/leverancier-apollo-valves\/terugslagkleppen-2\/\" \/>\n<meta property=\"og:site_name\" content=\"Vapo Techniek\" \/>\n<meta property=\"article:modified_time\" content=\"2024-04-25T07:00:54+00:00\" \/>\n<meta property=\"og:image\" content=\"https:\/\/vapo.nl\/wp-content\/uploads\/2024\/02\/vtb-00.jpg\" \/>\n\t<meta property=\"og:image:width\" content=\"570\" \/>\n\t<meta property=\"og:image:height\" content=\"850\" \/>\n\t<meta property=\"og:image:type\" content=\"image\/jpeg\" \/>\n<meta name=\"twitter:card\" content=\"summary_large_image\" \/>\n<meta name=\"twitter:label1\" content=\"Dur\u00e9e de lecture estim\u00e9e\" \/>\n\t<meta name=\"twitter:data1\" content=\"1 minute\" \/>\n<script type=\"application\/ld+json\" class=\"yoast-schema-graph\">{\"@context\":\"https:\/\/schema.org\",\"@graph\":[{\"@type\":\"WebPage\",\"@id\":\"https:\/\/vapo.nl\/fr\/leverancier-apollo-valves\/terugslagkleppen-2\/\",\"url\":\"https:\/\/vapo.nl\/fr\/leverancier-apollo-valves\/terugslagkleppen-2\/\",\"name\":\"Clapets anti-retour - Vapo Techniek\",\"isPartOf\":{\"@id\":\"https:\/\/vapo.nl\/fr\/#website\"},\"primaryImageOfPage\":{\"@id\":\"https:\/\/vapo.nl\/fr\/leverancier-apollo-valves\/terugslagkleppen-2\/#primaryimage\"},\"image\":{\"@id\":\"https:\/\/vapo.nl\/fr\/leverancier-apollo-valves\/terugslagkleppen-2\/#primaryimage\"},\"thumbnailUrl\":\"https:\/\/vapo.nl\/wp-content\/uploads\/2024\/02\/vtb-00.jpg\",\"datePublished\":\"2024-02-09T11:36:28+00:00\",\"dateModified\":\"2024-04-25T07:00:54+00:00\",\"breadcrumb\":{\"@id\":\"https:\/\/vapo.nl\/fr\/leverancier-apollo-valves\/terugslagkleppen-2\/#breadcrumb\"},\"inLanguage\":\"fr-FR\",\"potentialAction\":[{\"@type\":\"ReadAction\",\"target\":[\"https:\/\/vapo.nl\/fr\/leverancier-apollo-valves\/terugslagkleppen-2\/\"]}]},{\"@type\":\"ImageObject\",\"inLanguage\":\"fr-FR\",\"@id\":\"https:\/\/vapo.nl\/fr\/leverancier-apollo-valves\/terugslagkleppen-2\/#primaryimage\",\"url\":\"https:\/\/vapo.nl\/wp-content\/uploads\/2024\/02\/vtb-00.jpg\",\"contentUrl\":\"https:\/\/vapo.nl\/wp-content\/uploads\/2024\/02\/vtb-00.jpg\",\"width\":570,\"height\":850},{\"@type\":\"BreadcrumbList\",\"@id\":\"https:\/\/vapo.nl\/fr\/leverancier-apollo-valves\/terugslagkleppen-2\/#breadcrumb\",\"itemListElement\":[{\"@type\":\"ListItem\",\"position\":1,\"name\":\"Home\",\"item\":\"https:\/\/vapo.nl\/fr\/\"},{\"@type\":\"ListItem\",\"position\":2,\"name\":\"Leverancier: Apollo Valves\",\"item\":\"https:\/\/vapo.nl\/fr\/?page_id=4415\"},{\"@type\":\"ListItem\",\"position\":3,\"name\":\"Clapets anti-retour\"}]},{\"@type\":\"WebSite\",\"@id\":\"https:\/\/vapo.nl\/fr\/#website\",\"url\":\"https:\/\/vapo.nl\/fr\/\",\"name\":\"Vapo Techniek\",\"description\":\"Just another WordPress site\",\"potentialAction\":[{\"@type\":\"SearchAction\",\"target\":{\"@type\":\"EntryPoint\",\"urlTemplate\":\"https:\/\/vapo.nl\/fr\/?s={search_term_string}\"},\"query-input\":{\"@type\":\"PropertyValueSpecification\",\"valueRequired\":true,\"valueName\":\"search_term_string\"}}],\"inLanguage\":\"fr-FR\"}]}<\/script>\n<!-- \/ Yoast SEO plugin. -->","yoast_head_json":{"title":"Clapets anti-retour - Vapo Techniek","robots":{"index":"index","follow":"follow","max-snippet":"max-snippet:-1","max-image-preview":"max-image-preview:large","max-video-preview":"max-video-preview:-1"},"canonical":"https:\/\/vapo.nl\/fr\/leverancier-apollo-valves\/terugslagkleppen-2\/","og_locale":"fr_FR","og_type":"article","og_title":"Clapets anti-retour - Vapo Techniek","og_description":"betrouwbaar, duurzaam en essentieel voor nauwkeurige vloeistof- en gasregeling.","og_url":"https:\/\/vapo.nl\/fr\/leverancier-apollo-valves\/terugslagkleppen-2\/","og_site_name":"Vapo Techniek","article_modified_time":"2024-04-25T07:00:54+00:00","og_image":[{"width":570,"height":850,"url":"https:\/\/vapo.nl\/wp-content\/uploads\/2024\/02\/vtb-00.jpg","type":"image\/jpeg"}],"twitter_card":"summary_large_image","twitter_misc":{"Dur\u00e9e de lecture estim\u00e9e":"1 minute"},"schema":{"@context":"https:\/\/schema.org","@graph":[{"@type":"WebPage","@id":"https:\/\/vapo.nl\/fr\/leverancier-apollo-valves\/terugslagkleppen-2\/","url":"https:\/\/vapo.nl\/fr\/leverancier-apollo-valves\/terugslagkleppen-2\/","name":"Clapets anti-retour - Vapo Techniek","isPartOf":{"@id":"https:\/\/vapo.nl\/fr\/#website"},"primaryImageOfPage":{"@id":"https:\/\/vapo.nl\/fr\/leverancier-apollo-valves\/terugslagkleppen-2\/#primaryimage"},"image":{"@id":"https:\/\/vapo.nl\/fr\/leverancier-apollo-valves\/terugslagkleppen-2\/#primaryimage"},"thumbnailUrl":"https:\/\/vapo.nl\/wp-content\/uploads\/2024\/02\/vtb-00.jpg","datePublished":"2024-02-09T11:36:28+00:00","dateModified":"2024-04-25T07:00:54+00:00","breadcrumb":{"@id":"https:\/\/vapo.nl\/fr\/leverancier-apollo-valves\/terugslagkleppen-2\/#breadcrumb"},"inLanguage":"fr-FR","potentialAction":[{"@type":"ReadAction","target":["https:\/\/vapo.nl\/fr\/leverancier-apollo-valves\/terugslagkleppen-2\/"]}]},{"@type":"ImageObject","inLanguage":"fr-FR","@id":"https:\/\/vapo.nl\/fr\/leverancier-apollo-valves\/terugslagkleppen-2\/#primaryimage","url":"https:\/\/vapo.nl\/wp-content\/uploads\/2024\/02\/vtb-00.jpg","contentUrl":"https:\/\/vapo.nl\/wp-content\/uploads\/2024\/02\/vtb-00.jpg","width":570,"height":850},{"@type":"BreadcrumbList","@id":"https:\/\/vapo.nl\/fr\/leverancier-apollo-valves\/terugslagkleppen-2\/#breadcrumb","itemListElement":[{"@type":"ListItem","position":1,"name":"Home","item":"https:\/\/vapo.nl\/fr\/"},{"@type":"ListItem","position":2,"name":"Leverancier: Apollo Valves","item":"https:\/\/vapo.nl\/fr\/?page_id=4415"},{"@type":"ListItem","position":3,"name":"Clapets anti-retour"}]},{"@type":"WebSite","@id":"https:\/\/vapo.nl\/fr\/#website","url":"https:\/\/vapo.nl\/fr\/","name":"Vapo Techniek","description":"Just another WordPress site","potentialAction":[{"@type":"SearchAction","target":{"@type":"EntryPoint","urlTemplate":"https:\/\/vapo.nl\/fr\/?s={search_term_string}"},"query-input":{"@type":"PropertyValueSpecification","valueRequired":true,"valueName":"search_term_string"}}],"inLanguage":"fr-FR"}]}},"_links":{"self":[{"href":"https:\/\/vapo.nl\/fr\/wp-json\/wp\/v2\/pages\/4421","targetHints":{"allow":["GET"]}}],"collection":[{"href":"https:\/\/vapo.nl\/fr\/wp-json\/wp\/v2\/pages"}],"about":[{"href":"https:\/\/vapo.nl\/fr\/wp-json\/wp\/v2\/types\/page"}],"author":[{"embeddable":true,"href":"https:\/\/vapo.nl\/fr\/wp-json\/wp\/v2\/users\/1"}],"replies":[{"embeddable":true,"href":"https:\/\/vapo.nl\/fr\/wp-json\/wp\/v2\/comments?post=4421"}],"version-history":[{"count":4,"href":"https:\/\/vapo.nl\/fr\/wp-json\/wp\/v2\/pages\/4421\/revisions"}],"predecessor-version":[{"id":5174,"href":"https:\/\/vapo.nl\/fr\/wp-json\/wp\/v2\/pages\/4421\/revisions\/5174"}],"up":[{"embeddable":true,"href":"https:\/\/vapo.nl\/fr\/wp-json\/wp\/v2\/pages\/4415"}],"wp:featuredmedia":[{"embeddable":true,"href":"https:\/\/vapo.nl\/fr\/wp-json\/wp\/v2\/media\/1403"}],"wp:attachment":[{"href":"https:\/\/vapo.nl\/fr\/wp-json\/wp\/v2\/media?parent=4421"}],"curies":[{"name":"wp","href":"https:\/\/api.w.org\/{rel}","templated":true}]}}