{"id":4438,"date":"2024-02-21T08:57:12","date_gmt":"2024-02-21T08:57:12","guid":{"rendered":"https:\/\/vapo.nl\/leverancier-herbe-valvulas-sl\/"},"modified":"2024-05-02T07:59:13","modified_gmt":"2024-05-02T07:59:13","slug":"leverancier-herbe-valvulas-sl","status":"publish","type":"page","link":"https:\/\/vapo.nl\/fr\/leverancier-herbe-valvulas-sl\/","title":{"rendered":"Leverancier: Herbe Valvulas SL"},"content":{"rendered":"\n<header class=\"header-leverancier\" >\n\t<div class=\"container mx-auto px-[21px] lg:px-0\">\n\t\t<div class=\"flex flex-col justify-between items-start\">\n\t\t\t<div class=\"content-block\">\n\t\t\t\t<h1 class=\"title\">Herbe Valves Valvulas SL<\/h1>\n\t\t\t\t\t\t\t\t\t<p><p><img loading=\"lazy\" decoding=\"async\" class=\"alignnone wp-image-1706 size-large\" src=\"https:\/\/vapo.nl\/wp-content\/uploads\/2024\/02\/Logo-Herbe-e.svg\" alt=\"\" width=\"1024\" height=\"1024\">Herbe Valves is een leverancier van terugslagkleppen en meskantafsluiters.<\/p>\n<\/p>\n\t\t\t\t\t\t\t\t\t\t\t\t\t<a href=\"#contact\" class=\"cta-btn\">\n\t\t\t\t\t\tKom in contact\t\t\t\t\t<\/a>\n\t\t\t\t\t\t\t<\/div>\n\t\t<\/div>\n\t<\/div>\n\t<div class=\"img-area absolute inset-0 z-[-1]\">\n\t\t\t\t\t\t\t\t\t<img loading=\"lazy\" decoding=\"async\" src=\"https:\/\/vapo.nl\/wp-content\/uploads\/2024\/02\/bg-leverancier-1.jpg\" alt=\"\" title=\"bg-leverancier\" width=\"1922\" height=\"614\" class=\"aligncenter size-full wp-image-1252 w-full h-full object-cover hidden lg:block\" srcset=\"https:\/\/vapo.nl\/wp-content\/uploads\/2024\/02\/bg-leverancier-1.jpg 1922w, https:\/\/vapo.nl\/wp-content\/uploads\/2024\/02\/bg-leverancier-1-300x96.jpg 300w, https:\/\/vapo.nl\/wp-content\/uploads\/2024\/02\/bg-leverancier-1-1024x327.jpg 1024w, https:\/\/vapo.nl\/wp-content\/uploads\/2024\/02\/bg-leverancier-1-768x245.jpg 768w, https:\/\/vapo.nl\/wp-content\/uploads\/2024\/02\/bg-leverancier-1-1536x491.jpg 1536w\" sizes=\"auto, (max-width: 1922px) 100vw, 1922px\" \/>\t\t\t\t\t\t\t\t\t\t<img loading=\"lazy\" decoding=\"async\" src=\"https:\/\/vapo.nl\/wp-content\/uploads\/2024\/02\/bg-leverancier-mobile.jpg\" alt=\"\" title=\"bg-leverancier-mobile\" width=\"390\" height=\"503\" class=\"aligncenter size-full wp-image-1248 w-full h-full object-cover block lg:hidden\" srcset=\"https:\/\/vapo.nl\/wp-content\/uploads\/2024\/02\/bg-leverancier-mobile.jpg 390w, https:\/\/vapo.nl\/wp-content\/uploads\/2024\/02\/bg-leverancier-mobile-233x300.jpg 233w\" sizes=\"auto, (max-width: 390px) 100vw, 390px\" \/>\t\t\t<\/div>\n<\/header>\n\n\n<section class=\"product-selection my-12  hidden\">\n    <div class=\"container mx-auto lg:px-0 px-4\">\n        <h2 class=\"title\">Uitgelichte producten<\/h2>\n        <div class=\"flex flex-col mt-4 lg:flex-row justify-between gap-3\">\n            \n                                                                                    <div class=\"flex flex-row lg:flex-col mb-6 lg:mb-0 w-full lg:w-1\/4 justify-center items-center gap-3\">\n                            <a class=\"product-img\" href=\"https:\/\/vapo.nl\/fr\/leverancier-apollo-valves\/terugslagkleppen-2\/\">\n                                <img loading=\"lazy\" decoding=\"async\" src=\"https:\/\/vapo.nl\/wp-content\/uploads\/2024\/02\/vtb-00.jpg\" alt=\"\" title=\"vtb-00\" width=\"570\" height=\"850\" class=\"aligncenter size-full wp-image-1401 \" srcset=\"https:\/\/vapo.nl\/wp-content\/uploads\/2024\/02\/vtb-00.jpg 570w, https:\/\/vapo.nl\/wp-content\/uploads\/2024\/02\/vtb-00-201x300.jpg 201w\" sizes=\"auto, (max-width: 570px) 100vw, 570px\" \/>                            <\/a>\n                            <div class=\"content-body\">\n                                <p class=\"title-product\">Clapets anti-retour<\/p>\n                                <p class=\"product-desc\">betrouwbaar, duurzaam en essentieel voor nauwkeurige vloeistof- en gasregeling.<\/p>\n                                <a class=\"product-cta\" href=\"https:\/\/vapo.nl\/fr\/leverancier-apollo-valves\/terugslagkleppen-2\/\">Bekijk meer<\/a>\n                            <\/div>\n                        <\/div>\n                                    \n                    <\/div>\n    <\/div>\n<\/section>\n\n\n<section class=\"cta-logo pt-6 pb-2 lg:py-16 3xl:py-[5rem] with-gradient\" >\n  <div class=\"container mx-auto px-[21px] lg:px-0\">\n    <h2 class=\"title\">Onze leveranciers<\/h2>\n        <div class=\"logo-area flex flex-row\"> \n                        <div class=\"thelogo\">\n                          <a href=\"\/4g-ghidini\/\">\n                <img decoding=\"async\" src=\"https:\/\/vapo.nl\/wp-content\/uploads\/2024\/02\/Logo-4G-e.svg\" alt=\"\" title=\"Logo-4G-e\" class=\"aligncenter size-full wp-image-1673 \" \/>              <\/a>\n                      <\/div>\n                  <div class=\"thelogo\">\n                          <a href=\"\/apollo-valves\/\">\n                <img decoding=\"async\" src=\"https:\/\/vapo.nl\/wp-content\/uploads\/2024\/02\/Logo-Apollo-e.svg\" alt=\"\" title=\"Logo-Apollo-e\" class=\"aligncenter size-full wp-image-1677 \" \/>              <\/a>\n                      <\/div>\n                  <div class=\"thelogo\">\n                          <a href=\"\/bar-pneumatische-steuerungssysteme-gmbh\/\">\n                <img decoding=\"async\" src=\"https:\/\/vapo.nl\/wp-content\/uploads\/2024\/02\/Logo-Bar-e.svg\" alt=\"\" title=\"Logo-Bar-e\" class=\"aligncenter size-full wp-image-1681 \" \/>              <\/a>\n                      <\/div>\n                  <div class=\"thelogo\">\n                          <a href=\"\/leverancier-crotti-fortunato-sns\/\">\n                <img decoding=\"async\" src=\"https:\/\/vapo.nl\/wp-content\/uploads\/2024\/02\/Logo-Crotti-e.svg\" alt=\"\" title=\"Logo-Crotti-e\" class=\"aligncenter size-full wp-image-1712 \" \/>              <\/a>\n                      <\/div>\n                  <div class=\"thelogo\">\n                          <a href=\"\/leverancier-ghibson-valves\/\">\n                <img decoding=\"async\" src=\"https:\/\/vapo.nl\/wp-content\/uploads\/2024\/02\/Logo-Ghibson-e.svg\" alt=\"\" title=\"Logo-Ghibson-e\" class=\"aligncenter size-full wp-image-1704 \" \/>              <\/a>\n                      <\/div>\n                  <div class=\"thelogo\">\n                          <a href=\"\/leverancier-herbe-valves-sl\/\">\n                <img decoding=\"async\" src=\"https:\/\/vapo.nl\/wp-content\/uploads\/2024\/02\/Logo-Herbe-e.svg\" alt=\"\" title=\"Logo-Herbe-e\" class=\"aligncenter size-full wp-image-1708 \" \/>              <\/a>\n                      <\/div>\n                  <div class=\"thelogo\">\n                          <a href=\"#\">\n                <img decoding=\"async\" src=\"https:\/\/vapo.nl\/wp-content\/uploads\/2024\/02\/Logo-IFM-e.svg\" alt=\"\" title=\"Logo-IFM-e\" class=\"aligncenter size-full wp-image-1716 \" \/>              <\/a>\n                      <\/div>\n                  <div class=\"thelogo\">\n                          <a href=\"#\">\n                <img decoding=\"async\" src=\"https:\/\/vapo.nl\/wp-content\/uploads\/2024\/02\/Logo-PepperlFuchs-e.svg\" alt=\"\" title=\"Logo-Pepperl+Fuchs-e\" class=\"aligncenter size-full wp-image-1720 \" \/>              <\/a>\n                      <\/div>\n                  <div class=\"thelogo\">\n                          <a href=\"\/leverancier-ps-automation\/\">\n                <img decoding=\"async\" src=\"https:\/\/vapo.nl\/wp-content\/uploads\/2024\/02\/Logo-PS-Automation-e.svg\" alt=\"\" title=\"Logo-PS-Automation-e\" class=\"aligncenter size-full wp-image-1724 \" \/>              <\/a>\n                      <\/div>\n                  <div class=\"thelogo\">\n                          <a href=\"\/sirca-international-s-p-a\/\">\n                <img decoding=\"async\" src=\"https:\/\/vapo.nl\/wp-content\/uploads\/2024\/02\/Logo-Sirca-e.svg\" alt=\"\" title=\"Logo-Sirca-e\" class=\"aligncenter size-full wp-image-1728 \" \/>              <\/a>\n                      <\/div>\n                  <div class=\"thelogo\">\n                          <a href=\"\/socla\/\">\n                <img decoding=\"async\" src=\"https:\/\/vapo.nl\/wp-content\/uploads\/2024\/02\/Logo-Socla-e.svg\" alt=\"\" title=\"Logo-Socla-e\" class=\"aligncenter size-full wp-image-1732 \" \/>              <\/a>\n                      <\/div>\n                  <div class=\"thelogo\">\n                          <a href=\"\/leverancier-rotork-instruments-soldo\/\">\n                <img decoding=\"async\" src=\"https:\/\/vapo.nl\/wp-content\/uploads\/2024\/02\/Logo-Soldo-e.svg\" alt=\"\" title=\"Logo-Soldo-e\" class=\"aligncenter size-full wp-image-1688 \" \/>              <\/a>\n                      <\/div>\n                  <div class=\"thelogo\">\n                          <a href=\"#\">\n                <img decoding=\"async\" src=\"https:\/\/vapo.nl\/wp-content\/uploads\/2024\/02\/Logo-Valpes-e.svg\" alt=\"\" title=\"Logo-Valpes-e\" class=\"aligncenter size-full wp-image-1692 \" \/>              <\/a>\n                      <\/div>\n                  <div class=\"thelogo\">\n                          <a href=\"\/leverancier-valvole-hofmann-by-bonino-engineering\/\">\n                <img decoding=\"async\" src=\"https:\/\/vapo.nl\/wp-content\/uploads\/2024\/02\/Logo-Valvole-e.svg\" alt=\"\" title=\"Logo-Valvole-e\" class=\"aligncenter size-full wp-image-1696 \" \/>              <\/a>\n                      <\/div>\n                  <div class=\"thelogo\">\n                          <a href=\"\/vtb-valves\/\">\n                <img decoding=\"async\" src=\"https:\/\/vapo.nl\/wp-content\/uploads\/2024\/02\/Logo-VTB-e.svg\" alt=\"\" title=\"Logo-VTB-e\" class=\"aligncenter size-full wp-image-1700 \" \/>              <\/a>\n                      <\/div>\n                  <\/div>\n      <\/div>\n<\/section>\n\n  <div class=\"separator block lg:hidden\" style=\"height: 64px;\">&nbsp;<\/div>\n\n\n<!--CONTACT FORM-->\n<section class=\"contact-form home-style \" id=\"contact\">\n\t<div class=\"container px-[20px] lg:px-0 mx-auto\">\n\t\t<div class=\"contact-row\">\n\t\t\t<div class=\"form-wrapper\">\n\t\t\t\t\t\t\t\t\t<h2 class=\"title\">Contact<\/h2>\n\t\t\t\t\n\t\t\t\t\n\t\t\t\t\t\t\t\t\t\t\t\t\t\t\t\t\t\t\t\t<div class=\"media mmobile\">\n\t\t\t\t\t\t\t<img loading=\"lazy\" decoding=\"async\" src=\"https:\/\/vapo.nl\/wp-content\/uploads\/2024\/02\/hc-desktop.png\" alt=\"\" title=\"hc-desktop\" width=\"690\" height=\"570\" class=\"aligncenter size-full wp-image-5276 block\" srcset=\"https:\/\/vapo.nl\/wp-content\/uploads\/2024\/02\/hc-desktop.png 690w, https:\/\/vapo.nl\/wp-content\/uploads\/2024\/02\/hc-desktop-300x248.png 300w\" sizes=\"auto, (max-width: 690px) 100vw, 690px\" \/>\t\t\t\t\t\t<\/div>\n\t\t\t\t\t\t\t\t\t\t\t\t\t\t\n\t\t\t\t\n\t\t\t\t<div class=\"frm_forms  with_frm_style frm_style_formidable-style\" id=\"frm_form_5_container\" data-token=\"7462f778599cc44628c27b3eb31ac36f\">\n<form enctype=\"multipart\/form-data\" method=\"post\" class=\"frm-show-form  frm_pro_form \" id=\"form_contact-form22\" data-token=\"7462f778599cc44628c27b3eb31ac36f\">\n<div class=\"frm_form_fields \">\n<fieldset>\n<legend class=\"frm_screen_reader\">Contact us FR<\/legend>\r\n\r\n<div class=\"frm_fields_container\">\n<input type=\"hidden\" name=\"frm_action\" value=\"create\" \/>\n<input type=\"hidden\" name=\"form_id\" value=\"5\" \/>\n<input type=\"hidden\" name=\"frm_hide_fields_5\" id=\"frm_hide_fields_5\" value=\"\" \/>\n<input type=\"hidden\" name=\"form_key\" value=\"contact-form22\" \/>\n<input type=\"hidden\" name=\"item_meta[0]\" value=\"\" \/>\n<input type=\"hidden\" id=\"frm_submit_entry_5\" name=\"frm_submit_entry_5\" value=\"55540f2650\" \/><input type=\"hidden\" name=\"_wp_http_referer\" value=\"\/fr\/wp-json\/wp\/v2\/pages\/4438\" \/><div id=\"frm_field_28_container\" class=\"frm_form_field form-field  frm_required_field frm_top_container frm12 frm6 frm_first\">\r\n    <label for=\"field_4fa882\" id=\"field_4fa882_label\" class=\"frm_primary_label\">Nom\r\n        <span class=\"frm_required\" aria-hidden=\"true\">*<\/span>\r\n    <\/label>\r\n    <input  type=\"text\" id=\"field_4fa882\" name=\"item_meta[28]\" value=\"\"  placeholder=\"Nom et pr\u00e9nom\" data-reqmsg=\"Nom cannot be blank.\" aria-required=\"true\" data-invmsg=\"Text is invalid\" aria-invalid=\"false\"   \/>\r\n    \r\n    \r\n<\/div>\n<div id=\"frm_field_29_container\" class=\"frm_form_field form-field  frm_required_field frm_top_container frm_alignright frm12 frm6\">\r\n    <label for=\"field_lensw2\" id=\"field_lensw2_label\" class=\"frm_primary_label\">E-mail\r\n        <span class=\"frm_required\" aria-hidden=\"true\">*<\/span>\r\n    <\/label>\r\n    <input type=\"email\" id=\"field_lensw2\" name=\"item_meta[29]\" value=\"\"  placeholder=\"nom@email.com\" data-reqmsg=\"Dit veld mag niet leeg zijn.\" aria-required=\"true\" data-invmsg=\"Gelieve een geldig e-mailadres in te geven\" aria-invalid=\"false\"  \/>\r\n    \r\n    \r\n<\/div>\n<div id=\"frm_field_30_container\" class=\"frm_form_field form-field  frm_top_container frm12 frm6 frm_first\">\r\n    <label for=\"field_slrkw2\" id=\"field_slrkw2_label\" class=\"frm_primary_label\">Entreprise\r\n        <span class=\"frm_required\" aria-hidden=\"true\"><\/span>\r\n    <\/label>\r\n    <input  type=\"text\" id=\"field_slrkw2\" name=\"item_meta[30]\" value=\" Nom de l&#039;entreprise\"  data-frmval=\" Nom de l&#039;entreprise\" placeholder=\"Company Name\" data-invmsg=\"Text is invalid\" aria-invalid=\"false\"   \/>\r\n    \r\n    \r\n<\/div>\n<div id=\"frm_field_31_container\" class=\"frm_form_field form-field  frm_required_field frm_top_container frm_alignright frm12 frm6\">\r\n    <label for=\"field_1nl992\" id=\"field_1nl992_label\" class=\"frm_primary_label\">Num\u00e9ro de t\u00e9l\u00e9phone\r\n        <span class=\"frm_required\" aria-hidden=\"true\">*<\/span>\r\n    <\/label>\r\n    <input type=\"tel\" id=\"field_1nl992\" name=\"item_meta[31]\" value=\"\"  placeholder=\"+31612345678\" data-reqmsg=\"Num\u00e9ro de t\u00e9l\u00e9phone cannot be blank.\" aria-required=\"true\" data-invmsg=\"Phone is invalid\" aria-invalid=\"false\" pattern=\"((\\+\\d{1,3}(-|.| )?\\(?\\d\\)?(-| |.)?\\d{1,5})|(\\(?\\d{2,6}\\)?))(-|.| )?(\\d{3,4})(-|.| )?(\\d{4})(( x| ext)\\d{1,5}){0,1}$\"  \/>\r\n    \r\n    \r\n<\/div>\n<div id=\"frm_field_32_container\" class=\"frm_form_field form-field  frm_top_container frm12\">\r\n    <label for=\"field_6nbhs2\" id=\"field_6nbhs2_label\" class=\"frm_primary_label\">Message\r\n        <span class=\"frm_required\" aria-hidden=\"true\"><\/span>\r\n    <\/label>\r\n    <input  type=\"text\" id=\"field_6nbhs2\" name=\"item_meta[32]\" value=\"\"  placeholder=\"Votre message\" data-invmsg=\"Text is invalid\" aria-invalid=\"false\"   \/>\r\n    \r\n    \r\n<\/div>\n<div id=\"frm_field_87_container\" class=\"frm_form_field form-field  frm_none_container\">\r\n\t<label for=\"g-recaptcha-response\" id=\"field_ukhsq_label\" class=\"frm_primary_label\">Captcha\r\n\t\t<span class=\"frm_required\" aria-hidden=\"true\"><\/span>\r\n\t<\/label>\r\n\t<div  id=\"field_ukhsq\" class=\"frm-g-recaptcha\" data-sitekey=\"6LfA_wgrAAAAAC4PJUYot0H2tXpylfxAVkeoqWdo\" data-size=\"invisible\" data-theme=\"light\"><\/div>\r\n\t\r\n\t\r\n<\/div>\n<div id=\"frm_field_81_container\" class=\"frm_form_field form-field \">\r\n\t<div class=\"frm_submit\">\r\n\r\n<button class=\"frm_button_submit frm_final_submit\" type=\"submit\"   formnovalidate=\"formnovalidate\">Envoyer<\/button>\r\n\r\n\r\n<\/div>\r\n<\/div>\n\t<input type=\"hidden\" name=\"item_key\" value=\"\" \/>\n\t\t\t<div id=\"frm_field_106_container\">\n\t\t\t<label for=\"field_ryevv\" >\n\t\t\t\tSi vous \u00eates un humain, ne remplissez pas ce champ.\t\t\t<\/label>\n\t\t\t<input  id=\"field_ryevv\" type=\"text\" class=\"frm_form_field form-field frm_verify\" name=\"item_meta[106]\" value=\"\"  \/>\n\t\t<\/div>\n\t\t<input name=\"frm_state\" type=\"hidden\" value=\"XS3Y7VIXikZwTDMkJJJO9JNdZwmdaYwwLCRpezITiSUyh7x5gTL77odifEBR2sbk\" \/><\/div>\n<\/fieldset>\n<\/div>\n\n<p style=\"display: none !important;\" class=\"akismet-fields-container\" data-prefix=\"ak_\"><label>&#916;<textarea name=\"ak_hp_textarea\" cols=\"45\" rows=\"8\" maxlength=\"100\"><\/textarea><\/label><input type=\"hidden\" id=\"ak_js_1\" name=\"ak_js\" value=\"183\"\/><script>document.getElementById( \"ak_js_1\" ).setAttribute( \"value\", ( new Date() ).getTime() );<\/script><\/p><\/form>\n<\/div>\n\n\t\t\t\t\t\t\t\t\t<div class=\"social-info\">\n\t\t\t\t\t\t<p class=\"label\">Nous suivre<\/p>\n\t\t\t\t\t\t\t\t\t\t\t\t\t<ul class=\"social-list list-none\">\n\t\t\t\t\t\t\t\t\t\t\t\t\t\t\t\t\t<li class=\"social-item\">\n\t\t\t\t\t\t\t\t\t\t<a href=\"https:\/\/www.linkedin.com\/company\/vapo-techniek\/\" class=\"social-link inline-block\" target=\"_blank\">\n\t\t\t\t\t\t\t\t\t\t\t<img loading=\"lazy\" decoding=\"async\" src=\"https:\/\/vapo.nl\/wp-content\/uploads\/2024\/02\/vp-linkedin.png\" alt=\"\" title=\"vp-linkedin\" width=\"40\" height=\"40\" class=\"aligncenter size-full wp-image-1122 social-icon\" \/>\t\t\t\t\t\t\t\t\t\t<\/a>\n\t\t\t\t\t\t\t\t\t<\/li>\n\t\t\t\t\t\t\t\t\t\t\t\t\t\t\t\t\t<li class=\"social-item\">\n\t\t\t\t\t\t\t\t\t\t<a href=\"https:\/\/www.instagram.com\/vapo_techniek\/\" class=\"social-link inline-block\" target=\"_blank\">\n\t\t\t\t\t\t\t\t\t\t\t<img loading=\"lazy\" decoding=\"async\" src=\"https:\/\/vapo.nl\/wp-content\/uploads\/2024\/02\/vp-ig.png\" alt=\"\" title=\"vp-ig\" width=\"40\" height=\"40\" class=\"aligncenter size-full wp-image-1118 social-icon\" \/>\t\t\t\t\t\t\t\t\t\t<\/a>\n\t\t\t\t\t\t\t\t\t<\/li>\n\t\t\t\t\t\t\t\t\t\t\t\t\t\t\t<\/ul>\n\t\t\t\t\t\t\t\t\t\t\t<\/div>\n\t\t\t\t\t\t\t<\/div>\n\t\t\t<div class=\"media relative\">\n\t\t\t\t\t\t\t\t\t<img loading=\"lazy\" decoding=\"async\" src=\"https:\/\/vapo.nl\/wp-content\/uploads\/2024\/02\/hc-desktop.png\" alt=\"\" title=\"hc-desktop\" width=\"690\" height=\"570\" class=\"aligncenter size-full wp-image-5276 block block\" srcset=\"https:\/\/vapo.nl\/wp-content\/uploads\/2024\/02\/hc-desktop.png 690w, https:\/\/vapo.nl\/wp-content\/uploads\/2024\/02\/hc-desktop-300x248.png 300w\" sizes=\"auto, (max-width: 690px) 100vw, 690px\" \/>\t\t\t\t\t\t\t\t\t\t\t<\/div>\n\t\t<\/div>\n\t<\/div>\n<\/section>\n<!--CONTACT FORM-->\n","protected":false},"excerpt":{"rendered":"","protected":false},"author":6,"featured_media":0,"parent":0,"menu_order":0,"comment_status":"closed","ping_status":"closed","template":"","meta":{"_acf_changed":false,"inline_featured_image":false,"footnotes":""},"class_list":["post-4438","page","type-page","status-publish","hentry"],"acf":[],"yoast_head":"<!-- This site is optimized with the Yoast SEO plugin v27.2 - https:\/\/yoast.com\/product\/yoast-seo-wordpress\/ -->\n<title>Leverancier: Herbe Valvulas SL - Vapo Techniek<\/title>\n<meta name=\"robots\" content=\"index, follow, max-snippet:-1, max-image-preview:large, max-video-preview:-1\" \/>\n<link rel=\"canonical\" href=\"https:\/\/vapo.nl\/fr\/leverancier-herbe-valvulas-sl\/\" \/>\n<meta property=\"og:locale\" content=\"fr_FR\" \/>\n<meta property=\"og:type\" content=\"article\" \/>\n<meta property=\"og:title\" content=\"Leverancier: Herbe Valvulas SL - Vapo Techniek\" \/>\n<meta property=\"og:url\" content=\"https:\/\/vapo.nl\/fr\/leverancier-herbe-valvulas-sl\/\" \/>\n<meta property=\"og:site_name\" content=\"Vapo Techniek\" \/>\n<meta property=\"article:modified_time\" content=\"2024-05-02T07:59:13+00:00\" \/>\n<meta name=\"twitter:card\" content=\"summary_large_image\" \/>\n<script type=\"application\/ld+json\" class=\"yoast-schema-graph\">{\"@context\":\"https:\/\/schema.org\",\"@graph\":[{\"@type\":\"WebPage\",\"@id\":\"https:\/\/vapo.nl\/fr\/leverancier-herbe-valvulas-sl\/\",\"url\":\"https:\/\/vapo.nl\/fr\/leverancier-herbe-valvulas-sl\/\",\"name\":\"Leverancier: Herbe Valvulas SL - Vapo Techniek\",\"isPartOf\":{\"@id\":\"https:\/\/vapo.nl\/fr\/#website\"},\"datePublished\":\"2024-02-21T08:57:12+00:00\",\"dateModified\":\"2024-05-02T07:59:13+00:00\",\"breadcrumb\":{\"@id\":\"https:\/\/vapo.nl\/fr\/leverancier-herbe-valvulas-sl\/#breadcrumb\"},\"inLanguage\":\"fr-FR\",\"potentialAction\":[{\"@type\":\"ReadAction\",\"target\":[\"https:\/\/vapo.nl\/fr\/leverancier-herbe-valvulas-sl\/\"]}]},{\"@type\":\"BreadcrumbList\",\"@id\":\"https:\/\/vapo.nl\/fr\/leverancier-herbe-valvulas-sl\/#breadcrumb\",\"itemListElement\":[{\"@type\":\"ListItem\",\"position\":1,\"name\":\"Home\",\"item\":\"https:\/\/vapo.nl\/fr\/\"},{\"@type\":\"ListItem\",\"position\":2,\"name\":\"Leverancier: Herbe Valvulas SL\"}]},{\"@type\":\"WebSite\",\"@id\":\"https:\/\/vapo.nl\/fr\/#website\",\"url\":\"https:\/\/vapo.nl\/fr\/\",\"name\":\"Vapo Techniek\",\"description\":\"Just another WordPress site\",\"potentialAction\":[{\"@type\":\"SearchAction\",\"target\":{\"@type\":\"EntryPoint\",\"urlTemplate\":\"https:\/\/vapo.nl\/fr\/?s={search_term_string}\"},\"query-input\":{\"@type\":\"PropertyValueSpecification\",\"valueRequired\":true,\"valueName\":\"search_term_string\"}}],\"inLanguage\":\"fr-FR\"}]}<\/script>\n<!-- \/ Yoast SEO plugin. -->","yoast_head_json":{"title":"Leverancier: Herbe Valvulas SL - Vapo Techniek","robots":{"index":"index","follow":"follow","max-snippet":"max-snippet:-1","max-image-preview":"max-image-preview:large","max-video-preview":"max-video-preview:-1"},"canonical":"https:\/\/vapo.nl\/fr\/leverancier-herbe-valvulas-sl\/","og_locale":"fr_FR","og_type":"article","og_title":"Leverancier: Herbe Valvulas SL - Vapo Techniek","og_url":"https:\/\/vapo.nl\/fr\/leverancier-herbe-valvulas-sl\/","og_site_name":"Vapo Techniek","article_modified_time":"2024-05-02T07:59:13+00:00","twitter_card":"summary_large_image","schema":{"@context":"https:\/\/schema.org","@graph":[{"@type":"WebPage","@id":"https:\/\/vapo.nl\/fr\/leverancier-herbe-valvulas-sl\/","url":"https:\/\/vapo.nl\/fr\/leverancier-herbe-valvulas-sl\/","name":"Leverancier: Herbe Valvulas SL - Vapo Techniek","isPartOf":{"@id":"https:\/\/vapo.nl\/fr\/#website"},"datePublished":"2024-02-21T08:57:12+00:00","dateModified":"2024-05-02T07:59:13+00:00","breadcrumb":{"@id":"https:\/\/vapo.nl\/fr\/leverancier-herbe-valvulas-sl\/#breadcrumb"},"inLanguage":"fr-FR","potentialAction":[{"@type":"ReadAction","target":["https:\/\/vapo.nl\/fr\/leverancier-herbe-valvulas-sl\/"]}]},{"@type":"BreadcrumbList","@id":"https:\/\/vapo.nl\/fr\/leverancier-herbe-valvulas-sl\/#breadcrumb","itemListElement":[{"@type":"ListItem","position":1,"name":"Home","item":"https:\/\/vapo.nl\/fr\/"},{"@type":"ListItem","position":2,"name":"Leverancier: Herbe Valvulas SL"}]},{"@type":"WebSite","@id":"https:\/\/vapo.nl\/fr\/#website","url":"https:\/\/vapo.nl\/fr\/","name":"Vapo Techniek","description":"Just another WordPress site","potentialAction":[{"@type":"SearchAction","target":{"@type":"EntryPoint","urlTemplate":"https:\/\/vapo.nl\/fr\/?s={search_term_string}"},"query-input":{"@type":"PropertyValueSpecification","valueRequired":true,"valueName":"search_term_string"}}],"inLanguage":"fr-FR"}]}},"_links":{"self":[{"href":"https:\/\/vapo.nl\/fr\/wp-json\/wp\/v2\/pages\/4438","targetHints":{"allow":["GET"]}}],"collection":[{"href":"https:\/\/vapo.nl\/fr\/wp-json\/wp\/v2\/pages"}],"about":[{"href":"https:\/\/vapo.nl\/fr\/wp-json\/wp\/v2\/types\/page"}],"author":[{"embeddable":true,"href":"https:\/\/vapo.nl\/fr\/wp-json\/wp\/v2\/users\/6"}],"replies":[{"embeddable":true,"href":"https:\/\/vapo.nl\/fr\/wp-json\/wp\/v2\/comments?post=4438"}],"version-history":[{"count":2,"href":"https:\/\/vapo.nl\/fr\/wp-json\/wp\/v2\/pages\/4438\/revisions"}],"predecessor-version":[{"id":5389,"href":"https:\/\/vapo.nl\/fr\/wp-json\/wp\/v2\/pages\/4438\/revisions\/5389"}],"wp:attachment":[{"href":"https:\/\/vapo.nl\/fr\/wp-json\/wp\/v2\/media?parent=4438"}],"curies":[{"name":"wp","href":"https:\/\/api.w.org\/{rel}","templated":true}]}}