{"id":7112,"date":"2025-04-11T10:15:50","date_gmt":"2025-04-11T10:15:50","guid":{"rendered":"https:\/\/vapo.nl\/?page_id=7112"},"modified":"2025-06-05T12:53:35","modified_gmt":"2025-06-05T12:53:35","slug":"informations-sur-le-produit","status":"publish","type":"page","link":"https:\/\/vapo.nl\/fr\/informations-sur-le-produit\/","title":{"rendered":"Informations sur le produit"},"content":{"rendered":"<!--HEADER CONTACT-->\n<header class=\"header-product-concept relative h-[132px] w-full\" style=\"background-image: url(https:\/\/vapo.nl\/wp-content\/uploads\/2024\/01\/Rectangle-3774.jpg);\">\n    <nav class=\"download-breadcrumb-container container px-[20px] lg:px-0 mx-auto\">\n        <ul class=\"breadcrumb\">\n                        <li class=\"inline\"><a href=\"#\">Informations sur le produit<\/a><\/li>\n                        <!-- <li><a href=\"\">Informations sur le produit<\/a><\/li> -->\n        <\/ul>\n    <\/nav>\n<\/header>\n<!--HEADER CONTACT-->\n\n<div class=\"download-search container px-[20px] lg:px-0 mt-[25px] mb-[25px] mx-auto lg:mb-[40px] lg:mt-[73px]\">\n    <form class=\"w-full\">\n        <div class=\"flex flex-col items-center md:w-8\/12\">\n            <div class=\"w-full md:mb-0\">\n                <label class=\"font-semibold text-[24px] lg:text-[56px] leading-[32px] mb-2 \">\n                    Informations sur le produit                <\/label>\n            <\/div>\n\n            <div class=\"w-full mt-[24px] md:mb-0 leading-[24px] text-[16px] lg:text-[24px] lg:leading-[32px] md:text-[16px]\">\n                <p>Vous trouverez ici un aper\u00e7u de nos produits. Vous pouvez t\u00e9l\u00e9charger la documentation correspondante.<\/p>\n            <\/div>\n        <\/div>\n    <\/form>\n<\/div>\n\n\n\r\n<section class=\"cards-4-cols \">\r\n\t<div class=\"container mx-auto\">\r\n\t\t<div class=\"content-text\">\r\n\t\t\t<h2 class=\"section-title\"><\/h2>\r\n\t\t\t\t\t<\/div>\r\n\t\t\t\t<div class=\"card-wrap\">\r\n\t\t\t\t\t\t\t\t\t\t\t\t<div class=\"card\">\r\n\t\t\t\t\t\t<div class=\"image-wrap\">\r\n\t\t\t\t\t\t\t\t\t\t\t\t\t\t\t<img decoding=\"async\" src=\"https:\/\/vapo.nl\/wp-content\/uploads\/2024\/02\/S13D-G1-HB-res600.jpg\" alt=\"\">\r\n\t\t\t\t\t\t\t\t\t\t\t\t\t<\/div>\r\n\t\t\t\t\t\t<div class=\"text-wrap\">\r\n\t\t\t\t\t\t\t<h3 class=\"title\">Vannes \u00e1 Sph\u00e8re<\/h3>\r\n\t\t\t\t\t\t\t<p class=\"excerpt\">VTB Valves Vannes \u00e1 Sph\u00e8re<\/p>\r\n\t\t\t\t\t\t\t\t\t\t\t\t\t\t\t\t\t\t\t\t\t\t\t<a href=\"https:\/\/vapo.nl\/fr\/produitinformation-vannes-a-sphere\/\" class=\"cta-link\" target=\"_self\">Informations sur le produit Vannes \u00e1 Sph\u00e8re<\/a>\r\n\t\t\t\t\t\t\t\t\t\t\t\t\t\t\t\t\t\t\t\t\t<\/div>\r\n\t\t\t\t\t<\/div>\r\n\t\t\t\t\t\t\t\t\t<div class=\"card\">\r\n\t\t\t\t\t\t<div class=\"image-wrap\">\r\n\t\t\t\t\t\t\t\t\t\t\t\t\t\t\t<img decoding=\"async\" src=\"https:\/\/vapo.nl\/wp-content\/uploads\/2024\/02\/VTB200-500x500-1.jpg\" alt=\"\">\r\n\t\t\t\t\t\t\t\t\t\t\t\t\t<\/div>\r\n\t\t\t\t\t\t<div class=\"text-wrap\">\r\n\t\t\t\t\t\t\t<h3 class=\"title\">Vannes papillon VTB200<\/h3>\r\n\t\t\t\t\t\t\t<p class=\"excerpt\">Vannes papillon VTB200<\/p>\r\n\t\t\t\t\t\t\t\t\t\t\t\t\t\t\t\t\t\t\t\t\t\t\t<a href=\"https:\/\/vapo.nl\/fr\/informations-sur-le-produit-vannes-papillon-vtb200\/\" class=\"cta-link\" target=\"_self\">Informations sur le produit VTB200 Vannes papillon<\/a>\r\n\t\t\t\t\t\t\t\t\t\t\t\t\t\t\t\t\t\t\t\t\t<\/div>\r\n\t\t\t\t\t<\/div>\r\n\t\t\t\t\t\t\t\t\t<div class=\"card\">\r\n\t\t\t\t\t\t<div class=\"image-wrap\">\r\n\t\t\t\t\t\t\t\t\t\t\t\t\t\t\t<img decoding=\"async\" src=\"https:\/\/vapo.nl\/wp-content\/uploads\/2024\/02\/VTB300-500x500-2.jpg\" alt=\"\">\r\n\t\t\t\t\t\t\t\t\t\t\t\t\t<\/div>\r\n\t\t\t\t\t\t<div class=\"text-wrap\">\r\n\t\t\t\t\t\t\t<h3 class=\"title\">Vannes papillon VTB300<\/h3>\r\n\t\t\t\t\t\t\t<p class=\"excerpt\">Vannes papillon VTB300<\/p>\r\n\t\t\t\t\t\t\t\t\t\t\t\t\t\t\t\t\t\t\t\t\t\t\t<a href=\"https:\/\/vapo.nl\/fr\/informations-sur-le-produit-vannes-papillon-vtb300\/\" class=\"cta-link\" target=\"_self\">Informations sur le produit VTB300 Vannes papillon<\/a>\r\n\t\t\t\t\t\t\t\t\t\t\t\t\t\t\t\t\t\t\t\t\t<\/div>\r\n\t\t\t\t\t<\/div>\r\n\t\t\t\t\t\t\t\t\t<div class=\"card\">\r\n\t\t\t\t\t\t<div class=\"image-wrap\">\r\n\t\t\t\t\t\t\t\t\t\t\t\t\t\t\t<img decoding=\"async\" src=\"https:\/\/vapo.nl\/wp-content\/uploads\/2024\/02\/Pneumatische-actuators.jpg\" alt=\"\">\r\n\t\t\t\t\t\t\t\t\t\t\t\t\t<\/div>\r\n\t\t\t\t\t\t<div class=\"text-wrap\">\r\n\t\t\t\t\t\t\t<h3 class=\"title\">Best-torque Actionneurs pneumatiques<\/h3>\r\n\t\t\t\t\t\t\t<p class=\"excerpt\">Best torque Actionneurs pneumatiques<\/p>\r\n\t\t\t\t\t\t\t\t\t\t\t\t\t\t\t\t\t\t\t\t\t\t\t<a href=\"https:\/\/vapo.nl\/fr\/informations-sur-le-produit-actionneurs-pneumatiques\/\" class=\"cta-link\" target=\"_self\">Informations sur le produit Actionneurs pneumatiques<\/a>\r\n\t\t\t\t\t\t\t\t\t\t\t\t\t\t\t\t\t\t\t\t\t<\/div>\r\n\t\t\t\t\t<\/div>\r\n\t\t\t\t\t\t\t\t\t<div class=\"card\">\r\n\t\t\t\t\t\t<div class=\"image-wrap\">\r\n\t\t\t\t\t\t\t\t\t\t\t\t\t\t\t<img decoding=\"async\" src=\"https:\/\/vapo.nl\/wp-content\/uploads\/2024\/02\/RD-schijftsk-15-100-vrij-e1708256240715.jpg\" alt=\"\">\r\n\t\t\t\t\t\t\t\t\t\t\t\t\t<\/div>\r\n\t\t\t\t\t\t<div class=\"text-wrap\">\r\n\t\t\t\t\t\t\t<h3 class=\"title\">Clapets anti-retour<\/h3>\r\n\t\t\t\t\t\t\t<p class=\"excerpt\">Clapets anti-retour<\/p>\r\n\t\t\t\t\t\t\t\t\t\t\t\t\t\t\t\t\t\t\t\t\t\t\t<a href=\"https:\/\/vapo.nl\/fr\/informations-sur-le-produit-clapets-anti-retour\/\" class=\"cta-link\" target=\"_self\">Informations sur le produit Clapets anti-retour<\/a>\r\n\t\t\t\t\t\t\t\t\t\t\t\t\t\t\t\t\t\t\t\t\t<\/div>\r\n\t\t\t\t\t<\/div>\r\n\t\t\t\t\t\t\t\t\t<div class=\"card\">\r\n\t\t\t\t\t\t<div class=\"image-wrap\">\r\n\t\t\t\t\t\t\t\t\t\t\t\t\t\t\t<img decoding=\"async\" src=\"https:\/\/vapo.nl\/wp-content\/uploads\/2024\/02\/Accessoires_2.jpg\" alt=\"\">\r\n\t\t\t\t\t\t\t\t\t\t\t\t\t<\/div>\r\n\t\t\t\t\t\t<div class=\"text-wrap\">\r\n\t\t\t\t\t\t\t<h3 class=\"title\">Accessoires<\/h3>\r\n\t\t\t\t\t\t\t<p class=\"excerpt\">Accessoires pour contr\u00f4ler votre processus.<\/p>\r\n\t\t\t\t\t\t\t\t\t\t\t\t\t\t\t\t\t\t\t\t\t\t\t<a href=\"https:\/\/vapo.nl\/fr\/productinformation-accessoiries\/\" class=\"cta-link\" target=\"_self\">Informations sur le produit Accessoires<\/a>\r\n\t\t\t\t\t\t\t\t\t\t\t\t\t\t\t\t\t\t\t\t\t<\/div>\r\n\t\t\t\t\t<\/div>\r\n\t\t\t\t\t\t\t\t\t<div class=\"card\">\r\n\t\t\t\t\t\t<div class=\"image-wrap\">\r\n\t\t\t\t\t\t\t\t\t\t\t\t\t\t\t<img decoding=\"async\" src=\"https:\/\/vapo.nl\/wp-content\/uploads\/2024\/02\/Valpes-ER10-20-35.jpg\" alt=\"\">\r\n\t\t\t\t\t\t\t\t\t\t\t\t\t<\/div>\r\n\t\t\t\t\t\t<div class=\"text-wrap\">\r\n\t\t\t\t\t\t\t<h3 class=\"title\">Actionneurs \u00e9lectriques Valpes<\/h3>\r\n\t\t\t\t\t\t\t<p class=\"excerpt\">Actionneurs \u00e9lectriques Valpes<\/p>\r\n\t\t\t\t\t\t\t\t\t\t\t\t\t\t\t\t\t\t\t\t\t\t\t<a href=\"https:\/\/vapo.nl\/fr\/informations-sur-le-produit-actionneurs-electriques-valpes\/\" class=\"cta-link\" target=\"_self\">Informations sur le produit Actionneurs \u00e9lectriques Valpes<\/a>\r\n\t\t\t\t\t\t\t\t\t\t\t\t\t\t\t\t\t\t\t\t\t<\/div>\r\n\t\t\t\t\t<\/div>\r\n\t\t\t\t\t\t\t\t\t<div class=\"card\">\r\n\t\t\t\t\t\t<div class=\"image-wrap\">\r\n\t\t\t\t\t\t\t\t\t\t\t\t\t\t\t<img decoding=\"async\" src=\"https:\/\/vapo.nl\/wp-content\/uploads\/2024\/03\/Herbe-meskant.jpg\" alt=\"\">\r\n\t\t\t\t\t\t\t\t\t\t\t\t\t<\/div>\r\n\t\t\t\t\t\t<div class=\"text-wrap\">\r\n\t\t\t\t\t\t\t<h3 class=\"title\">Vannes \u00e0 guillotine Herbe<\/h3>\r\n\t\t\t\t\t\t\t<p class=\"excerpt\">Vannes \u00e0 guillotine Herbe<\/p>\r\n\t\t\t\t\t\t\t\t\t\t\t\t\t\t\t\t\t\t\t\t\t\t\t<a href=\"https:\/\/vapo.nl\/fr\/informations-sur-le-produit-vannes-a-guillotine\/\" class=\"cta-link\" target=\"_self\">Informations sur le produit Vannes \u00e0 guillotine<\/a>\r\n\t\t\t\t\t\t\t\t\t\t\t\t\t\t\t\t\t\t\t\t\t<\/div>\r\n\t\t\t\t\t<\/div>\r\n\t\t\t\t\t\t\t\t\t<div class=\"card\">\r\n\t\t\t\t\t\t<div class=\"image-wrap\">\r\n\t\t\t\t\t\t\t\t\t\t\t\t\t\t\t<img decoding=\"async\" src=\"https:\/\/vapo.nl\/wp-content\/uploads\/2025\/06\/Brochure-2024-EN-1.jpg\" alt=\"\">\r\n\t\t\t\t\t\t\t\t\t\t\t\t\t<\/div>\r\n\t\t\t\t\t\t<div class=\"text-wrap\">\r\n\t\t\t\t\t\t\t<h3 class=\"title\">Vapo Techniek Productportfolio<\/h3>\r\n\t\t\t\t\t\t\t<p class=\"excerpt\">Vapo Techniek Productportfolio<\/p>\r\n\t\t\t\t\t\t\t\t\t\t\t\t\t\t\t\t\t\t\t\t\t\t\t<a href=\"https:\/\/vapo.nl\/wp-content\/uploads\/2025\/06\/Brochure-2024-EN.pdf\" class=\"cta-link\" target=\"_self\">Vapo Techniek Productportfolio<\/a>\r\n\t\t\t\t\t\t\t\t\t\t\t\t\t\t\t\t\t\t\t\t\t<\/div>\r\n\t\t\t\t\t<\/div>\r\n\t\t\t\t\t\t\t\t\t<\/div>\r\n\t\t\t\t\t<\/div>\r\n<\/section>","protected":false},"excerpt":{"rendered":"","protected":false},"author":1,"featured_media":0,"parent":0,"menu_order":0,"comment_status":"closed","ping_status":"closed","template":"","meta":{"_acf_changed":false,"inline_featured_image":false,"footnotes":""},"class_list":["post-7112","page","type-page","status-publish","hentry"],"acf":[],"yoast_head":"<!-- This site is optimized with the Yoast SEO plugin v27.2 - https:\/\/yoast.com\/product\/yoast-seo-wordpress\/ -->\n<title>Informations sur le produit - Vapo Techniek<\/title>\n<meta name=\"robots\" content=\"index, follow, max-snippet:-1, max-image-preview:large, max-video-preview:-1\" \/>\n<link rel=\"canonical\" href=\"https:\/\/vapo.nl\/fr\/informations-sur-le-produit\/\" \/>\n<meta property=\"og:locale\" content=\"fr_FR\" \/>\n<meta property=\"og:type\" content=\"article\" \/>\n<meta property=\"og:title\" content=\"Informations sur le produit - Vapo Techniek\" \/>\n<meta property=\"og:url\" content=\"https:\/\/vapo.nl\/fr\/informations-sur-le-produit\/\" \/>\n<meta property=\"og:site_name\" content=\"Vapo Techniek\" \/>\n<meta property=\"article:modified_time\" content=\"2025-06-05T12:53:35+00:00\" \/>\n<meta name=\"twitter:card\" content=\"summary_large_image\" \/>\n<script type=\"application\/ld+json\" class=\"yoast-schema-graph\">{\"@context\":\"https:\/\/schema.org\",\"@graph\":[{\"@type\":\"WebPage\",\"@id\":\"https:\/\/vapo.nl\/fr\/informations-sur-le-produit\/\",\"url\":\"https:\/\/vapo.nl\/fr\/informations-sur-le-produit\/\",\"name\":\"Informations sur le produit - Vapo Techniek\",\"isPartOf\":{\"@id\":\"https:\/\/vapo.nl\/fr\/#website\"},\"datePublished\":\"2025-04-11T10:15:50+00:00\",\"dateModified\":\"2025-06-05T12:53:35+00:00\",\"breadcrumb\":{\"@id\":\"https:\/\/vapo.nl\/fr\/informations-sur-le-produit\/#breadcrumb\"},\"inLanguage\":\"fr-FR\",\"potentialAction\":[{\"@type\":\"ReadAction\",\"target\":[\"https:\/\/vapo.nl\/fr\/informations-sur-le-produit\/\"]}]},{\"@type\":\"BreadcrumbList\",\"@id\":\"https:\/\/vapo.nl\/fr\/informations-sur-le-produit\/#breadcrumb\",\"itemListElement\":[{\"@type\":\"ListItem\",\"position\":1,\"name\":\"Home\",\"item\":\"https:\/\/vapo.nl\/fr\/\"},{\"@type\":\"ListItem\",\"position\":2,\"name\":\"Informations sur le produit\"}]},{\"@type\":\"WebSite\",\"@id\":\"https:\/\/vapo.nl\/fr\/#website\",\"url\":\"https:\/\/vapo.nl\/fr\/\",\"name\":\"Vapo Techniek\",\"description\":\"Just another WordPress site\",\"potentialAction\":[{\"@type\":\"SearchAction\",\"target\":{\"@type\":\"EntryPoint\",\"urlTemplate\":\"https:\/\/vapo.nl\/fr\/?s={search_term_string}\"},\"query-input\":{\"@type\":\"PropertyValueSpecification\",\"valueRequired\":true,\"valueName\":\"search_term_string\"}}],\"inLanguage\":\"fr-FR\"}]}<\/script>\n<!-- \/ Yoast SEO plugin. -->","yoast_head_json":{"title":"Informations sur le produit - Vapo Techniek","robots":{"index":"index","follow":"follow","max-snippet":"max-snippet:-1","max-image-preview":"max-image-preview:large","max-video-preview":"max-video-preview:-1"},"canonical":"https:\/\/vapo.nl\/fr\/informations-sur-le-produit\/","og_locale":"fr_FR","og_type":"article","og_title":"Informations sur le produit - Vapo Techniek","og_url":"https:\/\/vapo.nl\/fr\/informations-sur-le-produit\/","og_site_name":"Vapo Techniek","article_modified_time":"2025-06-05T12:53:35+00:00","twitter_card":"summary_large_image","schema":{"@context":"https:\/\/schema.org","@graph":[{"@type":"WebPage","@id":"https:\/\/vapo.nl\/fr\/informations-sur-le-produit\/","url":"https:\/\/vapo.nl\/fr\/informations-sur-le-produit\/","name":"Informations sur le produit - Vapo Techniek","isPartOf":{"@id":"https:\/\/vapo.nl\/fr\/#website"},"datePublished":"2025-04-11T10:15:50+00:00","dateModified":"2025-06-05T12:53:35+00:00","breadcrumb":{"@id":"https:\/\/vapo.nl\/fr\/informations-sur-le-produit\/#breadcrumb"},"inLanguage":"fr-FR","potentialAction":[{"@type":"ReadAction","target":["https:\/\/vapo.nl\/fr\/informations-sur-le-produit\/"]}]},{"@type":"BreadcrumbList","@id":"https:\/\/vapo.nl\/fr\/informations-sur-le-produit\/#breadcrumb","itemListElement":[{"@type":"ListItem","position":1,"name":"Home","item":"https:\/\/vapo.nl\/fr\/"},{"@type":"ListItem","position":2,"name":"Informations sur le produit"}]},{"@type":"WebSite","@id":"https:\/\/vapo.nl\/fr\/#website","url":"https:\/\/vapo.nl\/fr\/","name":"Vapo Techniek","description":"Just another WordPress site","potentialAction":[{"@type":"SearchAction","target":{"@type":"EntryPoint","urlTemplate":"https:\/\/vapo.nl\/fr\/?s={search_term_string}"},"query-input":{"@type":"PropertyValueSpecification","valueRequired":true,"valueName":"search_term_string"}}],"inLanguage":"fr-FR"}]}},"_links":{"self":[{"href":"https:\/\/vapo.nl\/fr\/wp-json\/wp\/v2\/pages\/7112","targetHints":{"allow":["GET"]}}],"collection":[{"href":"https:\/\/vapo.nl\/fr\/wp-json\/wp\/v2\/pages"}],"about":[{"href":"https:\/\/vapo.nl\/fr\/wp-json\/wp\/v2\/types\/page"}],"author":[{"embeddable":true,"href":"https:\/\/vapo.nl\/fr\/wp-json\/wp\/v2\/users\/1"}],"replies":[{"embeddable":true,"href":"https:\/\/vapo.nl\/fr\/wp-json\/wp\/v2\/comments?post=7112"}],"version-history":[{"count":16,"href":"https:\/\/vapo.nl\/fr\/wp-json\/wp\/v2\/pages\/7112\/revisions"}],"predecessor-version":[{"id":7440,"href":"https:\/\/vapo.nl\/fr\/wp-json\/wp\/v2\/pages\/7112\/revisions\/7440"}],"wp:attachment":[{"href":"https:\/\/vapo.nl\/fr\/wp-json\/wp\/v2\/media?parent=7112"}],"curies":[{"name":"wp","href":"https:\/\/api.w.org\/{rel}","templated":true}]}}