{"id":8321,"date":"2025-09-11T12:29:07","date_gmt":"2025-09-11T12:29:07","guid":{"rendered":"https:\/\/vapo.nl\/?page_id=8321"},"modified":"2025-09-11T12:29:08","modified_gmt":"2025-09-11T12:29:08","slug":"durabilite","status":"publish","type":"page","link":"https:\/\/vapo.nl\/fr\/durabilite\/","title":{"rendered":"Durabilit\u00e9"},"content":{"rendered":"<!--HEADER-->\n\n<header class=\"header-news-article image-container\" style=\"background: url(https:\/\/vapo.nl\/wp-content\/uploads\/2024\/04\/header-specific-product-new.jpg);\">\n    <div class=\"bg-gradient\">\n        <div class=\"container mx-auto lg:px-0 text-white\">\n            <h1 class=\"title\">\n                Durabilit\u00e9            <\/h1>\n        <\/div>\n    <\/div>\n<\/header>\n<!--HEADER-->\n\n\n<section class=\"news-content \">\n    <div class=\"container mx-auto\">\n        <div class=\"content\">\n            <p><p>Chez <em>Vapo Techniek<\/em>, nous nous soucions de notre plan\u00e8te. Depuis la cr\u00e9ation il y a pr\u00e8s de 40 ans, nous n&rsquo;avons cess\u00e9 d&rsquo;optimiser les op\u00e9rations commerciales. Il en va de m\u00eame pour l&rsquo;impact sur l&rsquo;environnement.<\/p>\n<p>Quelques exemples concrets de durabilit\u00e9 chez Vapo Techniek :<\/p>\n<p><strong>\u00c9nergie alternative<\/strong><br \/>\nInvestissement solide dans les panneaux solaires et l&rsquo;\u00e9nergie renouvelable.<\/p>\n<p><strong>Circularit\u00e9<\/strong><br \/>\nRecycler des mat\u00e9riaux pour r\u00e9duire ou pr\u00e9venir les d\u00e9chets et le gaspillage.<\/p>\n<p><strong>Logistique<\/strong><br \/>\nAchat selon le principe du premier entr\u00e9, premier sorti pour les jeunes stocks sans \u00ab\u00a0garde-boutique \u00bb<\/p>\n<p><strong>Optimisation des processus<\/strong><br \/>\nInt\u00e9grer la durabilit\u00e9 dans tous les processus de l&rsquo;entreprise, pour une am\u00e9lioration concr\u00e8te de notre impact environnemental.<\/p>\n<p><strong>Conception du produit<\/strong><br \/>\nNotre gamme exclusive de robinets \u00e0 tournant sph\u00e9rique \u00ab\u00a0VTB Valves\u00a0\u00bb est con\u00e7ue pour une longue dur\u00e9e de vie et est produite par un fabricant qui travaille en particulier sur les ODD : 7.3, 13.3, 8.8 et 2.5.\u00a0 Pour le stockage et l&rsquo;exp\u00e9dition, nous utilisons des mat\u00e9riaux d&#8217;emballage certifi\u00e9s FSC provenant d&rsquo;un fournisseur local.<\/p>\n<p>Vos id\u00e9es sont les bienvenues !<br \/>\nNous souhaitons poursuivre notre voyage vers le d\u00e9veloppement durable et nous accordons de l&rsquo;importance aux opinions de nos clients et de nos associ\u00e9s. Si vous avez des suggestions pour am\u00e9liorer notre durabilit\u00e9, nous serions ravis de les entendre ! Envoyez un courriel \u00e0 flow@vapo.nl ou Dilara@vapo.nl.<\/p>\n<\/p>\n        <\/div>\n\n        \n            <\/div>\n<\/section>\n\n\n<!--CONTACT FORM-->\n<section class=\"contact-form home-style \" >\n\t<div class=\"container px-[20px] lg:px-0 mx-auto\">\n\t\t<div class=\"contact-row\">\n\t\t\t<div class=\"form-wrapper\">\n\t\t\t\t\t\t\t\t\t<h2 class=\"title\">Contact<\/h2>\n\t\t\t\t\n\t\t\t\t\n\t\t\t\t\t\t\t\t\t\t\t\t\t\t\t\t\t\t\t\t<div class=\"media mmobile\">\n\t\t\t\t\t\t\t<img loading=\"lazy\" decoding=\"async\" src=\"https:\/\/vapo.nl\/wp-content\/uploads\/2025\/06\/VAP-250515-7184-2-scaled.jpg\" alt=\"Team Vapo Techniek 2025\" title=\"VAP-250515-7184-2\" width=\"2560\" height=\"1708\" class=\"aligncenter size-full wp-image-7946 block\" srcset=\"https:\/\/vapo.nl\/wp-content\/uploads\/2025\/06\/VAP-250515-7184-2-scaled.jpg 2560w, https:\/\/vapo.nl\/wp-content\/uploads\/2025\/06\/VAP-250515-7184-2-300x200.jpg 300w, https:\/\/vapo.nl\/wp-content\/uploads\/2025\/06\/VAP-250515-7184-2-1024x683.jpg 1024w, https:\/\/vapo.nl\/wp-content\/uploads\/2025\/06\/VAP-250515-7184-2-768x512.jpg 768w, https:\/\/vapo.nl\/wp-content\/uploads\/2025\/06\/VAP-250515-7184-2-1536x1025.jpg 1536w, https:\/\/vapo.nl\/wp-content\/uploads\/2025\/06\/VAP-250515-7184-2-2048x1366.jpg 2048w\" sizes=\"auto, (max-width: 2560px) 100vw, 2560px\" \/>\t\t\t\t\t\t<\/div>\n\t\t\t\t\t\t\t\t\t\t\t\t\t\t\n\t\t\t\t\n\t\t\t\t<div class=\"frm_forms  with_frm_style frm_style_formidable-style\" id=\"frm_form_5_container\" data-token=\"c16a5f28e7da898807070bcb2da17d3e\">\n<form enctype=\"multipart\/form-data\" method=\"post\" class=\"frm-show-form  frm_pro_form \" id=\"form_contact-form22\" data-token=\"c16a5f28e7da898807070bcb2da17d3e\">\n<div class=\"frm_form_fields \">\n<fieldset>\n<legend class=\"frm_screen_reader\">Contact us FR<\/legend>\r\n\r\n<div class=\"frm_fields_container\">\n<input type=\"hidden\" name=\"frm_action\" value=\"create\" \/>\n<input type=\"hidden\" name=\"form_id\" value=\"5\" \/>\n<input type=\"hidden\" name=\"frm_hide_fields_5\" id=\"frm_hide_fields_5\" value=\"\" \/>\n<input type=\"hidden\" name=\"form_key\" value=\"contact-form22\" \/>\n<input type=\"hidden\" name=\"item_meta[0]\" value=\"\" \/>\n<input type=\"hidden\" id=\"frm_submit_entry_5\" name=\"frm_submit_entry_5\" value=\"f4cf6b1511\" \/><input type=\"hidden\" name=\"_wp_http_referer\" value=\"\/fr\/wp-json\/wp\/v2\/pages\/8321\" \/><div id=\"frm_field_28_container\" class=\"frm_form_field form-field  frm_required_field frm_top_container frm12 frm6 frm_first\">\r\n    <label for=\"field_4fa882\" id=\"field_4fa882_label\" class=\"frm_primary_label\">Nom\r\n        <span class=\"frm_required\" aria-hidden=\"true\">*<\/span>\r\n    <\/label>\r\n    <input  type=\"text\" id=\"field_4fa882\" name=\"item_meta[28]\" value=\"\"  placeholder=\"Nom et pr\u00e9nom\" data-reqmsg=\"Nom cannot be blank.\" aria-required=\"true\" data-invmsg=\"Text is invalid\" aria-invalid=\"false\"   \/>\r\n    \r\n    \r\n<\/div>\n<div id=\"frm_field_29_container\" class=\"frm_form_field form-field  frm_required_field frm_top_container frm_alignright frm12 frm6\">\r\n    <label for=\"field_lensw2\" id=\"field_lensw2_label\" class=\"frm_primary_label\">E-mail\r\n        <span class=\"frm_required\" aria-hidden=\"true\">*<\/span>\r\n    <\/label>\r\n    <input type=\"email\" id=\"field_lensw2\" name=\"item_meta[29]\" value=\"\"  placeholder=\"nom@email.com\" data-reqmsg=\"Dit veld mag niet leeg zijn.\" aria-required=\"true\" data-invmsg=\"Gelieve een geldig e-mailadres in te geven\" aria-invalid=\"false\"  \/>\r\n    \r\n    \r\n<\/div>\n<div id=\"frm_field_30_container\" class=\"frm_form_field form-field  frm_top_container frm12 frm6 frm_first\">\r\n    <label for=\"field_slrkw2\" id=\"field_slrkw2_label\" class=\"frm_primary_label\">Entreprise\r\n        <span class=\"frm_required\" aria-hidden=\"true\"><\/span>\r\n    <\/label>\r\n    <input  type=\"text\" id=\"field_slrkw2\" name=\"item_meta[30]\" value=\" Nom de l&#039;entreprise\"  data-frmval=\" Nom de l&#039;entreprise\" placeholder=\"Company Name\" data-invmsg=\"Text is invalid\" aria-invalid=\"false\"   \/>\r\n    \r\n    \r\n<\/div>\n<div id=\"frm_field_31_container\" class=\"frm_form_field form-field  frm_required_field frm_top_container frm_alignright frm12 frm6\">\r\n    <label for=\"field_1nl992\" id=\"field_1nl992_label\" class=\"frm_primary_label\">Num\u00e9ro de t\u00e9l\u00e9phone\r\n        <span class=\"frm_required\" aria-hidden=\"true\">*<\/span>\r\n    <\/label>\r\n    <input type=\"tel\" id=\"field_1nl992\" name=\"item_meta[31]\" value=\"\"  placeholder=\"+31612345678\" data-reqmsg=\"Num\u00e9ro de t\u00e9l\u00e9phone cannot be blank.\" aria-required=\"true\" data-invmsg=\"Phone is invalid\" aria-invalid=\"false\" pattern=\"((\\+\\d{1,3}(-|.| )?\\(?\\d\\)?(-| |.)?\\d{1,5})|(\\(?\\d{2,6}\\)?))(-|.| )?(\\d{3,4})(-|.| )?(\\d{4})(( x| ext)\\d{1,5}){0,1}$\"  \/>\r\n    \r\n    \r\n<\/div>\n<div id=\"frm_field_32_container\" class=\"frm_form_field form-field  frm_top_container frm12\">\r\n    <label for=\"field_6nbhs2\" id=\"field_6nbhs2_label\" class=\"frm_primary_label\">Message\r\n        <span class=\"frm_required\" aria-hidden=\"true\"><\/span>\r\n    <\/label>\r\n    <input  type=\"text\" id=\"field_6nbhs2\" name=\"item_meta[32]\" value=\"\"  placeholder=\"Votre message\" data-invmsg=\"Text is invalid\" aria-invalid=\"false\"   \/>\r\n    \r\n    \r\n<\/div>\n<div id=\"frm_field_87_container\" class=\"frm_form_field form-field  frm_none_container\">\r\n\t<label for=\"g-recaptcha-response\" id=\"field_ukhsq_label\" class=\"frm_primary_label\">Captcha\r\n\t\t<span class=\"frm_required\" aria-hidden=\"true\"><\/span>\r\n\t<\/label>\r\n\t<div  id=\"field_ukhsq\" class=\"frm-g-recaptcha\" data-sitekey=\"6LfA_wgrAAAAAC4PJUYot0H2tXpylfxAVkeoqWdo\" data-size=\"invisible\" data-theme=\"light\"><\/div>\r\n\t\r\n\t\r\n<\/div>\n<div id=\"frm_field_81_container\" class=\"frm_form_field form-field \">\r\n\t<div class=\"frm_submit\">\r\n\r\n<button class=\"frm_button_submit frm_final_submit\" type=\"submit\"   formnovalidate=\"formnovalidate\">Envoyer<\/button>\r\n\r\n\r\n<\/div>\r\n<\/div>\n\t<input type=\"hidden\" name=\"item_key\" value=\"\" \/>\n\t\t\t<div id=\"frm_field_106_container\">\n\t\t\t<label for=\"field_55kmu\" >\n\t\t\t\tSi vous \u00eates un humain, ne remplissez pas ce champ.\t\t\t<\/label>\n\t\t\t<input  id=\"field_55kmu\" type=\"text\" class=\"frm_form_field form-field frm_verify\" name=\"item_meta[106]\" value=\"\"  \/>\n\t\t<\/div>\n\t\t<input name=\"frm_state\" type=\"hidden\" value=\"XS3Y7VIXikZwTDMkJJJO9GZvdKhsm0Ac5LDFx9zIOcsyh7x5gTL77odifEBR2sbk\" \/><\/div>\n<\/fieldset>\n<\/div>\n\n<p style=\"display: none !important;\" class=\"akismet-fields-container\" data-prefix=\"ak_\"><label>&#916;<textarea name=\"ak_hp_textarea\" cols=\"45\" rows=\"8\" maxlength=\"100\"><\/textarea><\/label><input type=\"hidden\" id=\"ak_js_1\" name=\"ak_js\" value=\"215\"\/><script>document.getElementById( \"ak_js_1\" ).setAttribute( \"value\", ( new Date() ).getTime() );<\/script><\/p><\/form>\n<\/div>\n\n\t\t\t\t\t\t\t\t\t<div class=\"social-info\">\n\t\t\t\t\t\t<p class=\"label\">Nous suivre<\/p>\n\t\t\t\t\t\t\t\t\t\t\t\t\t<ul class=\"social-list list-none\">\n\t\t\t\t\t\t\t\t\t\t\t\t\t\t\t\t\t<li class=\"social-item\">\n\t\t\t\t\t\t\t\t\t\t<a href=\"https:\/\/www.linkedin.com\/company\/vapo-techniek\/\" class=\"social-link inline-block\" target=\"_blank\">\n\t\t\t\t\t\t\t\t\t\t\t<img loading=\"lazy\" decoding=\"async\" src=\"https:\/\/vapo.nl\/wp-content\/uploads\/2024\/02\/vp-linkedin.png\" alt=\"\" title=\"vp-linkedin\" width=\"40\" height=\"40\" class=\"aligncenter size-full wp-image-1122 social-icon\" \/>\t\t\t\t\t\t\t\t\t\t<\/a>\n\t\t\t\t\t\t\t\t\t<\/li>\n\t\t\t\t\t\t\t\t\t\t\t\t\t\t\t\t\t<li class=\"social-item\">\n\t\t\t\t\t\t\t\t\t\t<a href=\"https:\/\/www.instagram.com\/vapo_techniek\/\" class=\"social-link inline-block\" target=\"_blank\">\n\t\t\t\t\t\t\t\t\t\t\t<img loading=\"lazy\" decoding=\"async\" src=\"https:\/\/vapo.nl\/wp-content\/uploads\/2024\/02\/vp-ig.png\" alt=\"\" title=\"vp-ig\" width=\"40\" height=\"40\" class=\"aligncenter size-full wp-image-1118 social-icon\" \/>\t\t\t\t\t\t\t\t\t\t<\/a>\n\t\t\t\t\t\t\t\t\t<\/li>\n\t\t\t\t\t\t\t\t\t\t\t\t\t\t\t<\/ul>\n\t\t\t\t\t\t\t\t\t\t\t<\/div>\n\t\t\t\t\t\t\t<\/div>\n\t\t\t<div class=\"media relative\">\n\t\t\t\t\t\t\t\t\t<img loading=\"lazy\" decoding=\"async\" src=\"https:\/\/vapo.nl\/wp-content\/uploads\/2025\/06\/VAP-250515-7184-2-scaled.jpg\" alt=\"Team Vapo Techniek 2025\" title=\"VAP-250515-7184-2\" width=\"2560\" height=\"1708\" class=\"aligncenter size-full wp-image-7946 block block\" srcset=\"https:\/\/vapo.nl\/wp-content\/uploads\/2025\/06\/VAP-250515-7184-2-scaled.jpg 2560w, https:\/\/vapo.nl\/wp-content\/uploads\/2025\/06\/VAP-250515-7184-2-300x200.jpg 300w, https:\/\/vapo.nl\/wp-content\/uploads\/2025\/06\/VAP-250515-7184-2-1024x683.jpg 1024w, https:\/\/vapo.nl\/wp-content\/uploads\/2025\/06\/VAP-250515-7184-2-768x512.jpg 768w, https:\/\/vapo.nl\/wp-content\/uploads\/2025\/06\/VAP-250515-7184-2-1536x1025.jpg 1536w, https:\/\/vapo.nl\/wp-content\/uploads\/2025\/06\/VAP-250515-7184-2-2048x1366.jpg 2048w\" sizes=\"auto, (max-width: 2560px) 100vw, 2560px\" \/>\t\t\t\t\t\t\t\t\t\t\t<\/div>\n\t\t<\/div>\n\t<\/div>\n<\/section>\n<!--CONTACT FORM-->\n","protected":false},"excerpt":{"rendered":"","protected":false},"author":154,"featured_media":0,"parent":0,"menu_order":0,"comment_status":"closed","ping_status":"closed","template":"","meta":{"_acf_changed":false,"inline_featured_image":false,"footnotes":""},"class_list":["post-8321","page","type-page","status-publish","hentry"],"acf":[],"yoast_head":"<!-- This site is optimized with the Yoast SEO plugin v27.2 - https:\/\/yoast.com\/product\/yoast-seo-wordpress\/ -->\n<title>Durabilit\u00e9 - Vapo Techniek<\/title>\n<meta name=\"robots\" content=\"index, follow, max-snippet:-1, max-image-preview:large, max-video-preview:-1\" \/>\n<link rel=\"canonical\" href=\"https:\/\/vapo.nl\/fr\/durabilite\/\" \/>\n<meta property=\"og:locale\" content=\"fr_FR\" \/>\n<meta property=\"og:type\" content=\"article\" \/>\n<meta property=\"og:title\" content=\"Durabilit\u00e9 - Vapo Techniek\" \/>\n<meta property=\"og:url\" content=\"https:\/\/vapo.nl\/fr\/durabilite\/\" \/>\n<meta property=\"og:site_name\" content=\"Vapo Techniek\" \/>\n<meta property=\"article:modified_time\" content=\"2025-09-11T12:29:08+00:00\" \/>\n<meta name=\"twitter:card\" content=\"summary_large_image\" \/>\n<script type=\"application\/ld+json\" class=\"yoast-schema-graph\">{\"@context\":\"https:\/\/schema.org\",\"@graph\":[{\"@type\":\"WebPage\",\"@id\":\"https:\/\/vapo.nl\/fr\/durabilite\/\",\"url\":\"https:\/\/vapo.nl\/fr\/durabilite\/\",\"name\":\"Durabilit\u00e9 - Vapo Techniek\",\"isPartOf\":{\"@id\":\"https:\/\/vapo.nl\/fr\/#website\"},\"datePublished\":\"2025-09-11T12:29:07+00:00\",\"dateModified\":\"2025-09-11T12:29:08+00:00\",\"breadcrumb\":{\"@id\":\"https:\/\/vapo.nl\/fr\/durabilite\/#breadcrumb\"},\"inLanguage\":\"fr-FR\",\"potentialAction\":[{\"@type\":\"ReadAction\",\"target\":[\"https:\/\/vapo.nl\/fr\/durabilite\/\"]}]},{\"@type\":\"BreadcrumbList\",\"@id\":\"https:\/\/vapo.nl\/fr\/durabilite\/#breadcrumb\",\"itemListElement\":[{\"@type\":\"ListItem\",\"position\":1,\"name\":\"Home\",\"item\":\"https:\/\/vapo.nl\/fr\/\"},{\"@type\":\"ListItem\",\"position\":2,\"name\":\"Durabilit\u00e9\"}]},{\"@type\":\"WebSite\",\"@id\":\"https:\/\/vapo.nl\/fr\/#website\",\"url\":\"https:\/\/vapo.nl\/fr\/\",\"name\":\"Vapo Techniek\",\"description\":\"Just another WordPress site\",\"potentialAction\":[{\"@type\":\"SearchAction\",\"target\":{\"@type\":\"EntryPoint\",\"urlTemplate\":\"https:\/\/vapo.nl\/fr\/?s={search_term_string}\"},\"query-input\":{\"@type\":\"PropertyValueSpecification\",\"valueRequired\":true,\"valueName\":\"search_term_string\"}}],\"inLanguage\":\"fr-FR\"}]}<\/script>\n<!-- \/ Yoast SEO plugin. -->","yoast_head_json":{"title":"Durabilit\u00e9 - Vapo Techniek","robots":{"index":"index","follow":"follow","max-snippet":"max-snippet:-1","max-image-preview":"max-image-preview:large","max-video-preview":"max-video-preview:-1"},"canonical":"https:\/\/vapo.nl\/fr\/durabilite\/","og_locale":"fr_FR","og_type":"article","og_title":"Durabilit\u00e9 - Vapo Techniek","og_url":"https:\/\/vapo.nl\/fr\/durabilite\/","og_site_name":"Vapo Techniek","article_modified_time":"2025-09-11T12:29:08+00:00","twitter_card":"summary_large_image","schema":{"@context":"https:\/\/schema.org","@graph":[{"@type":"WebPage","@id":"https:\/\/vapo.nl\/fr\/durabilite\/","url":"https:\/\/vapo.nl\/fr\/durabilite\/","name":"Durabilit\u00e9 - Vapo Techniek","isPartOf":{"@id":"https:\/\/vapo.nl\/fr\/#website"},"datePublished":"2025-09-11T12:29:07+00:00","dateModified":"2025-09-11T12:29:08+00:00","breadcrumb":{"@id":"https:\/\/vapo.nl\/fr\/durabilite\/#breadcrumb"},"inLanguage":"fr-FR","potentialAction":[{"@type":"ReadAction","target":["https:\/\/vapo.nl\/fr\/durabilite\/"]}]},{"@type":"BreadcrumbList","@id":"https:\/\/vapo.nl\/fr\/durabilite\/#breadcrumb","itemListElement":[{"@type":"ListItem","position":1,"name":"Home","item":"https:\/\/vapo.nl\/fr\/"},{"@type":"ListItem","position":2,"name":"Durabilit\u00e9"}]},{"@type":"WebSite","@id":"https:\/\/vapo.nl\/fr\/#website","url":"https:\/\/vapo.nl\/fr\/","name":"Vapo Techniek","description":"Just another WordPress site","potentialAction":[{"@type":"SearchAction","target":{"@type":"EntryPoint","urlTemplate":"https:\/\/vapo.nl\/fr\/?s={search_term_string}"},"query-input":{"@type":"PropertyValueSpecification","valueRequired":true,"valueName":"search_term_string"}}],"inLanguage":"fr-FR"}]}},"_links":{"self":[{"href":"https:\/\/vapo.nl\/fr\/wp-json\/wp\/v2\/pages\/8321","targetHints":{"allow":["GET"]}}],"collection":[{"href":"https:\/\/vapo.nl\/fr\/wp-json\/wp\/v2\/pages"}],"about":[{"href":"https:\/\/vapo.nl\/fr\/wp-json\/wp\/v2\/types\/page"}],"author":[{"embeddable":true,"href":"https:\/\/vapo.nl\/fr\/wp-json\/wp\/v2\/users\/154"}],"replies":[{"embeddable":true,"href":"https:\/\/vapo.nl\/fr\/wp-json\/wp\/v2\/comments?post=8321"}],"version-history":[{"count":4,"href":"https:\/\/vapo.nl\/fr\/wp-json\/wp\/v2\/pages\/8321\/revisions"}],"predecessor-version":[{"id":8335,"href":"https:\/\/vapo.nl\/fr\/wp-json\/wp\/v2\/pages\/8321\/revisions\/8335"}],"wp:attachment":[{"href":"https:\/\/vapo.nl\/fr\/wp-json\/wp\/v2\/media?parent=8321"}],"curies":[{"name":"wp","href":"https:\/\/api.w.org\/{rel}","templated":true}]}}